{"id":15,"date":"2024-08-31T09:16:35","date_gmt":"2024-08-31T09:16:35","guid":{"rendered":"https:\/\/html.foduu.com\/shalevet\/\/?page_id=15"},"modified":"2026-01-29T12:08:36","modified_gmt":"2026-01-29T12:08:36","slug":"la-firma","status":"publish","type":"page","link":"https:\/\/www.shalevet.es\/es\/la-firma\/","title":{"rendered":"La Firma"},"content":{"rendered":"\t\t<div data-elementor-type=\"wp-page\" data-elementor-id=\"15\" class=\"elementor elementor-15\" data-elementor-post-type=\"page\">\n\t\t\t\t<div class=\"elementor-element elementor-element-5a3de3b e-con-full animated-slow e-flex e-con e-parent\" data-id=\"5a3de3b\" data-element_type=\"container\" data-settings=\"{&quot;background_background&quot;:&quot;classic&quot;,&quot;animation&quot;:&quot;none&quot;}\">\n\t\t<div class=\"elementor-element elementor-element-b572a50 e-con-full e-flex e-con e-child\" data-id=\"b572a50\" data-element_type=\"container\">\n\t\t\t\t<div class=\"elementor-element elementor-element-84a3889 elementor-widget__width-initial elementor-widget elementor-widget-heading\" data-id=\"84a3889\" data-element_type=\"widget\" data-widget_type=\"heading.default\">\n\t\t\t\t<div class=\"elementor-widget-container\">\n\t\t\t\t\t<p class=\"elementor-heading-title elementor-size-default\">La Firma<\/p>\t\t\t\t<\/div>\n\t\t\t\t<\/div>\n\t\t\t\t<\/div>\n\t\t\t\t<\/div>\n\t\t<div class=\"elementor-element elementor-element-2a61bf7 e-con-full e-flex e-con e-parent\" data-id=\"2a61bf7\" data-element_type=\"container\">\n\t\t<div class=\"elementor-element elementor-element-d2137c2 e-con-full e-flex e-con e-child\" data-id=\"d2137c2\" data-element_type=\"container\">\n\t\t\t\t<div class=\"elementor-element elementor-element-39cced5 elementor-widget elementor-widget-image\" data-id=\"39cced5\" data-element_type=\"widget\" data-widget_type=\"image.default\">\n\t\t\t\t<div class=\"elementor-widget-container\">\n\t\t\t\t\t\t\t\t\t\t\t\t\t\t\t<img loading=\"lazy\" decoding=\"async\" width=\"2560\" height=\"1901\" src=\"https:\/\/www.shalevet.es\/es\/wp-content\/uploads\/2026\/01\/pexels-lexi-lauwers-1431940-34270603-scaled.jpg\" class=\"attachment-full size-full wp-image-4345\" alt=\"\" srcset=\"https:\/\/www.shalevet.es\/es\/wp-content\/uploads\/2026\/01\/pexels-lexi-lauwers-1431940-34270603-scaled.jpg 2560w, https:\/\/www.shalevet.es\/es\/wp-content\/uploads\/2026\/01\/pexels-lexi-lauwers-1431940-34270603-300x223.jpg 300w, https:\/\/www.shalevet.es\/es\/wp-content\/uploads\/2026\/01\/pexels-lexi-lauwers-1431940-34270603-1024x760.jpg 1024w, https:\/\/www.shalevet.es\/es\/wp-content\/uploads\/2026\/01\/pexels-lexi-lauwers-1431940-34270603-768x570.jpg 768w, https:\/\/www.shalevet.es\/es\/wp-content\/uploads\/2026\/01\/pexels-lexi-lauwers-1431940-34270603-1536x1140.jpg 1536w, https:\/\/www.shalevet.es\/es\/wp-content\/uploads\/2026\/01\/pexels-lexi-lauwers-1431940-34270603-2048x1521.jpg 2048w\" sizes=\"auto, (max-width: 2560px) 100vw, 2560px\" \/>\t\t\t\t\t\t\t\t\t\t\t\t\t\t\t<\/div>\n\t\t\t\t<\/div>\n\t\t\t\t<\/div>\n\t\t<div class=\"elementor-element elementor-element-6064c13 e-con-full e-flex e-con e-child\" data-id=\"6064c13\" data-element_type=\"container\">\n\t\t\t\t<div class=\"elementor-element elementor-element-96f0a7c elementor-widget-tablet__width-inherit elementor-widget elementor-widget-text-editor\" data-id=\"96f0a7c\" data-element_type=\"widget\" data-widget_type=\"text-editor.default\">\n\t\t\t\t<div class=\"elementor-widget-container\">\n\t\t\t\t\t\t\t\t\t<p><span dir=\"auto\" style=\"vertical-align: inherit;\"><span dir=\"auto\" style=\"vertical-align: inherit;\">En nuestro despacho de abogados con sede en Madrid y un socio estrat\u00e9gico en Tel Aviv, ofrecemos servicios integrales de asesoramiento jur\u00eddico a empresas, entidades y particulares, tanto nacionales como extranjeros, que operan en el mercado espa\u00f1ol, as\u00ed como a aquellos que desarrollan su actividad en el entorno empresarial israel\u00ed.<br \/><\/span><\/span><span dir=\"auto\" style=\"vertical-align: inherit;\"><span dir=\"auto\" style=\"vertical-align: inherit;\"><br \/>Para la prestaci\u00f3n de nuestros servicios profesionales, ponemos a disposici\u00f3n de nuestros clientes un equipo jur\u00eddico altamente cualificado y multidisciplinario, con una amplia experiencia en los \u00e1mbitos jur\u00eddico, comercial y cultural de las jurisdicciones en las que operamos. Nuestro despacho mantiene relaciones especiales con importantes actores empresariales e institucionales en Espa\u00f1a e Israel, lo que nos permite fomentar oportunidades que impulsen el crecimiento de las actividades y proyectos de nuestros clientes.<br \/><\/span><\/span><span dir=\"auto\" style=\"vertical-align: inherit;\"><span dir=\"auto\" style=\"vertical-align: inherit;\"><br \/>Liderado por miembros de los Colegios de Abogados de Madrid (ICAM) e Israel, Shalevet se dedica a ofrecer asesoramiento eficaz en m\u00faltiples aspectos de las necesidades jur\u00eddicas internacionales de sus clientes y a ayudarles a expandir su alcance m\u00e1s all\u00e1 de su mercado local, prestando servicios en espa\u00f1ol, ingl\u00e9s, franc\u00e9s y hebreo.<br \/><\/span><br \/><\/span><\/p>\t\t\t\t\t\t\t\t<\/div>\n\t\t\t\t<\/div>\n\t\t\t\t<\/div>\n\t\t\t\t<\/div>\n\t\t\t\t<\/div>\n\t\t","protected":false},"excerpt":{"rendered":"<p>La Firma En nuestro despacho de abogados con sede en Madrid y un socio estrat\u00e9gico en Tel Aviv, ofrecemos servicios integrales de asesoramiento jur\u00eddico a empresas, entidades y particulares, tanto nacionales como extranjeros, que operan en el mercado espa\u00f1ol, as\u00ed como a aquellos que desarrollan su actividad en el entorno empresarial israel\u00ed. Para la prestaci\u00f3n [&hellip;]<\/p>\n","protected":false},"author":1,"featured_media":0,"parent":0,"menu_order":0,"comment_status":"closed","ping_status":"closed","template":"elementor_header_footer","meta":{"_acf_changed":false,"site-sidebar-layout":"no-sidebar","site-content-layout":"page-builder","ast-site-content-layout":"full-width-container","site-content-style":"unboxed","site-sidebar-style":"unboxed","ast-global-header-display":"","ast-banner-title-visibility":"","ast-main-header-display":"","ast-hfb-above-header-display":"","ast-hfb-below-header-display":"","ast-hfb-mobile-header-display":"","site-post-title":"disabled","ast-breadcrumbs-content":"","ast-featured-img":"disabled","footer-sml-layout":"","theme-transparent-header-meta":"","adv-header-id-meta":"","stick-header-meta":"","header-above-stick-meta":"","header-main-stick-meta":"","header-below-stick-meta":"","astra-migrate-meta-layouts":"set","ast-page-background-enabled":"default","ast-page-background-meta":{"desktop":{"background-color":"var(--ast-global-color-4)","background-image":"","background-repeat":"repeat","background-position":"center center","background-size":"auto","background-attachment":"scroll","background-type":"","background-media":"","overlay-type":"","overlay-color":"","overlay-opacity":"","overlay-gradient":""},"tablet":{"background-color":"","background-image":"","background-repeat":"repeat","background-position":"center center","background-size":"auto","background-attachment":"scroll","background-type":"","background-media":"","overlay-type":"","overlay-color":"","overlay-opacity":"","overlay-gradient":""},"mobile":{"background-color":"","background-image":"","background-repeat":"repeat","background-position":"center center","background-size":"auto","background-attachment":"scroll","background-type":"","background-media":"","overlay-type":"","overlay-color":"","overlay-opacity":"","overlay-gradient":""}},"ast-content-background-meta":{"desktop":{"background-color":"var(--ast-global-color-5)","background-image":"","background-repeat":"repeat","background-position":"center center","background-size":"auto","background-attachment":"scroll","background-type":"","background-media":"","overlay-type":"","overlay-color":"","overlay-opacity":"","overlay-gradient":""},"tablet":{"background-color":"var(--ast-global-color-5)","background-image":"","background-repeat":"repeat","background-position":"center center","background-size":"auto","background-attachment":"scroll","background-type":"","background-media":"","overlay-type":"","overlay-color":"","overlay-opacity":"","overlay-gradient":""},"mobile":{"background-color":"var(--ast-global-color-5)","background-image":"","background-repeat":"repeat","background-position":"center center","background-size":"auto","background-attachment":"scroll","background-type":"","background-media":"","overlay-type":"","overlay-color":"","overlay-opacity":"","overlay-gradient":""}},"footnotes":""},"class_list":["post-15","page","type-page","status-publish","hentry"],"acf":[],"yoast_head":"<!-- This site is optimized with the Yoast SEO plugin v27.0 - https:\/\/yoast.com\/product\/yoast-seo-wordpress\/ -->\n<title>La Firma -<\/title>\n<meta name=\"robots\" content=\"index, follow, max-snippet:-1, max-image-preview:large, max-video-preview:-1\" \/>\n<link rel=\"canonical\" href=\"https:\/\/www.shalevet.es\/es\/la-firma\/\" \/>\n<meta property=\"og:locale\" content=\"es_ES\" \/>\n<meta property=\"og:type\" content=\"article\" \/>\n<meta property=\"og:title\" content=\"La Firma -\" \/>\n<meta property=\"og:description\" content=\"La Firma En nuestro despacho de abogados con sede en Madrid y un socio estrat\u00e9gico en Tel Aviv, ofrecemos servicios integrales de asesoramiento jur\u00eddico a empresas, entidades y particulares, tanto nacionales como extranjeros, que operan en el mercado espa\u00f1ol, as\u00ed como a aquellos que desarrollan su actividad en el entorno empresarial israel\u00ed. Para la prestaci\u00f3n [&hellip;]\" \/>\n<meta property=\"og:url\" content=\"https:\/\/www.shalevet.es\/es\/la-firma\/\" \/>\n<meta property=\"article:modified_time\" content=\"2026-01-29T12:08:36+00:00\" \/>\n<meta property=\"og:image\" content=\"https:\/\/www.shalevet.es\/es\/wp-content\/uploads\/2026\/01\/pexels-lexi-lauwers-1431940-34270603-scaled.jpg\" \/>\n\t<meta property=\"og:image:width\" content=\"2560\" \/>\n\t<meta property=\"og:image:height\" content=\"1901\" \/>\n\t<meta property=\"og:image:type\" content=\"image\/jpeg\" \/>\n<meta name=\"twitter:card\" content=\"summary_large_image\" \/>\n<meta name=\"twitter:label1\" content=\"Tiempo de lectura\" \/>\n\t<meta name=\"twitter:data1\" content=\"1 minuto\" \/>\n<script type=\"application\/ld+json\" class=\"yoast-schema-graph\">{\"@context\":\"https:\/\/schema.org\",\"@graph\":[{\"@type\":\"WebPage\",\"@id\":\"https:\/\/www.shalevet.es\/es\/la-firma\/\",\"url\":\"https:\/\/www.shalevet.es\/es\/la-firma\/\",\"name\":\"La Firma -\",\"isPartOf\":{\"@id\":\"https:\/\/www.shalevet.es\/es\/#website\"},\"primaryImageOfPage\":{\"@id\":\"https:\/\/www.shalevet.es\/es\/la-firma\/#primaryimage\"},\"image\":{\"@id\":\"https:\/\/www.shalevet.es\/es\/la-firma\/#primaryimage\"},\"thumbnailUrl\":\"https:\/\/www.shalevet.es\/es\/wp-content\/uploads\/2026\/01\/pexels-lexi-lauwers-1431940-34270603-scaled.jpg\",\"datePublished\":\"2024-08-31T09:16:35+00:00\",\"dateModified\":\"2026-01-29T12:08:36+00:00\",\"breadcrumb\":{\"@id\":\"https:\/\/www.shalevet.es\/es\/la-firma\/#breadcrumb\"},\"inLanguage\":\"es\",\"potentialAction\":[{\"@type\":\"ReadAction\",\"target\":[\"https:\/\/www.shalevet.es\/es\/la-firma\/\"]}]},{\"@type\":\"ImageObject\",\"inLanguage\":\"es\",\"@id\":\"https:\/\/www.shalevet.es\/es\/la-firma\/#primaryimage\",\"url\":\"https:\/\/www.shalevet.es\/es\/wp-content\/uploads\/2026\/01\/pexels-lexi-lauwers-1431940-34270603-scaled.jpg\",\"contentUrl\":\"https:\/\/www.shalevet.es\/es\/wp-content\/uploads\/2026\/01\/pexels-lexi-lauwers-1431940-34270603-scaled.jpg\",\"width\":2560,\"height\":1901},{\"@type\":\"BreadcrumbList\",\"@id\":\"https:\/\/www.shalevet.es\/es\/la-firma\/#breadcrumb\",\"itemListElement\":[{\"@type\":\"ListItem\",\"position\":1,\"name\":\"Portada\",\"item\":\"https:\/\/www.shalevet.es\/es\/\"},{\"@type\":\"ListItem\",\"position\":2,\"name\":\"La Firma\"}]},{\"@type\":\"WebSite\",\"@id\":\"https:\/\/www.shalevet.es\/es\/#website\",\"url\":\"https:\/\/www.shalevet.es\/es\/\",\"name\":\"Shalevet\",\"description\":\"\",\"publisher\":{\"@id\":\"https:\/\/www.shalevet.es\/es\/#organization\"},\"potentialAction\":[{\"@type\":\"SearchAction\",\"target\":{\"@type\":\"EntryPoint\",\"urlTemplate\":\"https:\/\/www.shalevet.es\/es\/?s={search_term_string}\"},\"query-input\":{\"@type\":\"PropertyValueSpecification\",\"valueRequired\":true,\"valueName\":\"search_term_string\"}}],\"inLanguage\":\"es\"},{\"@type\":\"Organization\",\"@id\":\"https:\/\/www.shalevet.es\/es\/#organization\",\"name\":\"Shalevet\",\"url\":\"https:\/\/www.shalevet.es\/es\/\",\"logo\":{\"@type\":\"ImageObject\",\"inLanguage\":\"es\",\"@id\":\"https:\/\/www.shalevet.es\/es\/#\/schema\/logo\/image\/\",\"url\":\"https:\/\/www.shalevet.es\/es\/wp-content\/uploads\/2024\/09\/SHALEVET_logo-removebg-preview.png\",\"contentUrl\":\"https:\/\/www.shalevet.es\/es\/wp-content\/uploads\/2024\/09\/SHALEVET_logo-removebg-preview.png\",\"width\":446,\"height\":298,\"caption\":\"Shalevet\"},\"image\":{\"@id\":\"https:\/\/www.shalevet.es\/es\/#\/schema\/logo\/image\/\"}}]}<\/script>\n<!-- \/ Yoast SEO plugin. -->","yoast_head_json":{"title":"La Firma -","robots":{"index":"index","follow":"follow","max-snippet":"max-snippet:-1","max-image-preview":"max-image-preview:large","max-video-preview":"max-video-preview:-1"},"canonical":"https:\/\/www.shalevet.es\/es\/la-firma\/","og_locale":"es_ES","og_type":"article","og_title":"La Firma -","og_description":"La Firma En nuestro despacho de abogados con sede en Madrid y un socio estrat\u00e9gico en Tel Aviv, ofrecemos servicios integrales de asesoramiento jur\u00eddico a empresas, entidades y particulares, tanto nacionales como extranjeros, que operan en el mercado espa\u00f1ol, as\u00ed como a aquellos que desarrollan su actividad en el entorno empresarial israel\u00ed. Para la prestaci\u00f3n [&hellip;]","og_url":"https:\/\/www.shalevet.es\/es\/la-firma\/","article_modified_time":"2026-01-29T12:08:36+00:00","og_image":[{"width":2560,"height":1901,"url":"https:\/\/www.shalevet.es\/es\/wp-content\/uploads\/2026\/01\/pexels-lexi-lauwers-1431940-34270603-scaled.jpg","type":"image\/jpeg"}],"twitter_card":"summary_large_image","twitter_misc":{"Tiempo de lectura":"1 minuto"},"schema":{"@context":"https:\/\/schema.org","@graph":[{"@type":"WebPage","@id":"https:\/\/www.shalevet.es\/es\/la-firma\/","url":"https:\/\/www.shalevet.es\/es\/la-firma\/","name":"La Firma -","isPartOf":{"@id":"https:\/\/www.shalevet.es\/es\/#website"},"primaryImageOfPage":{"@id":"https:\/\/www.shalevet.es\/es\/la-firma\/#primaryimage"},"image":{"@id":"https:\/\/www.shalevet.es\/es\/la-firma\/#primaryimage"},"thumbnailUrl":"https:\/\/www.shalevet.es\/es\/wp-content\/uploads\/2026\/01\/pexels-lexi-lauwers-1431940-34270603-scaled.jpg","datePublished":"2024-08-31T09:16:35+00:00","dateModified":"2026-01-29T12:08:36+00:00","breadcrumb":{"@id":"https:\/\/www.shalevet.es\/es\/la-firma\/#breadcrumb"},"inLanguage":"es","potentialAction":[{"@type":"ReadAction","target":["https:\/\/www.shalevet.es\/es\/la-firma\/"]}]},{"@type":"ImageObject","inLanguage":"es","@id":"https:\/\/www.shalevet.es\/es\/la-firma\/#primaryimage","url":"https:\/\/www.shalevet.es\/es\/wp-content\/uploads\/2026\/01\/pexels-lexi-lauwers-1431940-34270603-scaled.jpg","contentUrl":"https:\/\/www.shalevet.es\/es\/wp-content\/uploads\/2026\/01\/pexels-lexi-lauwers-1431940-34270603-scaled.jpg","width":2560,"height":1901},{"@type":"BreadcrumbList","@id":"https:\/\/www.shalevet.es\/es\/la-firma\/#breadcrumb","itemListElement":[{"@type":"ListItem","position":1,"name":"Portada","item":"https:\/\/www.shalevet.es\/es\/"},{"@type":"ListItem","position":2,"name":"La Firma"}]},{"@type":"WebSite","@id":"https:\/\/www.shalevet.es\/es\/#website","url":"https:\/\/www.shalevet.es\/es\/","name":"Shalevet","description":"","publisher":{"@id":"https:\/\/www.shalevet.es\/es\/#organization"},"potentialAction":[{"@type":"SearchAction","target":{"@type":"EntryPoint","urlTemplate":"https:\/\/www.shalevet.es\/es\/?s={search_term_string}"},"query-input":{"@type":"PropertyValueSpecification","valueRequired":true,"valueName":"search_term_string"}}],"inLanguage":"es"},{"@type":"Organization","@id":"https:\/\/www.shalevet.es\/es\/#organization","name":"Shalevet","url":"https:\/\/www.shalevet.es\/es\/","logo":{"@type":"ImageObject","inLanguage":"es","@id":"https:\/\/www.shalevet.es\/es\/#\/schema\/logo\/image\/","url":"https:\/\/www.shalevet.es\/es\/wp-content\/uploads\/2024\/09\/SHALEVET_logo-removebg-preview.png","contentUrl":"https:\/\/www.shalevet.es\/es\/wp-content\/uploads\/2024\/09\/SHALEVET_logo-removebg-preview.png","width":446,"height":298,"caption":"Shalevet"},"image":{"@id":"https:\/\/www.shalevet.es\/es\/#\/schema\/logo\/image\/"}}]}},"_links":{"self":[{"href":"https:\/\/www.shalevet.es\/es\/wp-json\/wp\/v2\/pages\/15","targetHints":{"allow":["GET"]}}],"collection":[{"href":"https:\/\/www.shalevet.es\/es\/wp-json\/wp\/v2\/pages"}],"about":[{"href":"https:\/\/www.shalevet.es\/es\/wp-json\/wp\/v2\/types\/page"}],"author":[{"embeddable":true,"href":"https:\/\/www.shalevet.es\/es\/wp-json\/wp\/v2\/users\/1"}],"replies":[{"embeddable":true,"href":"https:\/\/www.shalevet.es\/es\/wp-json\/wp\/v2\/comments?post=15"}],"version-history":[{"count":5,"href":"https:\/\/www.shalevet.es\/es\/wp-json\/wp\/v2\/pages\/15\/revisions"}],"predecessor-version":[{"id":8201,"href":"https:\/\/www.shalevet.es\/es\/wp-json\/wp\/v2\/pages\/15\/revisions\/8201"}],"wp:attachment":[{"href":"https:\/\/www.shalevet.es\/es\/wp-json\/wp\/v2\/media?parent=15"}],"curies":[{"name":"wp","href":"https:\/\/api.w.org\/{rel}","templated":true}]}}