{"id":16,"date":"2024-08-31T09:16:35","date_gmt":"2024-08-31T09:16:35","guid":{"rendered":"https:\/\/html.foduu.com\/shalevet\/\/?page_id=16"},"modified":"2026-01-14T08:04:48","modified_gmt":"2026-01-14T08:04:48","slug":"areas-de-practica","status":"publish","type":"page","link":"https:\/\/www.shalevet.es\/es\/areas-de-practica\/","title":{"rendered":"\u00c1reas de pr\u00e1ctica"},"content":{"rendered":"\t\t<div data-elementor-type=\"wp-page\" data-elementor-id=\"16\" class=\"elementor elementor-16\" data-elementor-post-type=\"page\">\n\t\t\t\t<div class=\"elementor-element elementor-element-8565f16 e-con-full animated-slow e-flex e-con e-parent\" data-id=\"8565f16\" data-element_type=\"container\" data-settings=\"{&quot;background_background&quot;:&quot;classic&quot;,&quot;animation&quot;:&quot;none&quot;}\">\n\t\t<div class=\"elementor-element elementor-element-8b77c59 e-con-full e-flex e-con e-child\" data-id=\"8b77c59\" data-element_type=\"container\">\n\t\t\t\t<div class=\"elementor-element elementor-element-adfbc54 elementor-widget__width-initial elementor-widget elementor-widget-heading\" data-id=\"adfbc54\" data-element_type=\"widget\" data-widget_type=\"heading.default\">\n\t\t\t\t<div class=\"elementor-widget-container\">\n\t\t\t\t\t<p class=\"elementor-heading-title elementor-size-default\">\u00c1reas de Pr\u00e1ctica<\/p>\t\t\t\t<\/div>\n\t\t\t\t<\/div>\n\t\t\t\t<\/div>\n\t\t\t\t<\/div>\n\t\t<div class=\"elementor-element elementor-element-9cc931f e-con-full practice-areas-link e-flex e-con e-parent\" data-id=\"9cc931f\" data-element_type=\"container\">\n\t\t\t\t<div class=\"elementor-element elementor-element-8f6b5fa elementor-widget elementor-widget-n-accordion\" data-id=\"8f6b5fa\" data-element_type=\"widget\" data-settings=\"{&quot;default_state&quot;:&quot;all_collapsed&quot;,&quot;max_items_expended&quot;:&quot;one&quot;,&quot;n_accordion_animation_duration&quot;:{&quot;unit&quot;:&quot;ms&quot;,&quot;size&quot;:400,&quot;sizes&quot;:[]}}\" data-widget_type=\"nested-accordion.default\">\n\t\t\t\t<div class=\"elementor-widget-container\">\n\t\t\t\t\t\t\t<div class=\"e-n-accordion\" aria-label=\"Accordion. Open links with Enter or Space, close with Escape, and navigate with Arrow Keys\">\n\t\t\t\t\t\t<details id=\"e-n-accordion-item-1500\" class=\"e-n-accordion-item\" >\n\t\t\t\t<summary class=\"e-n-accordion-item-title\" data-accordion-index=\"1\" tabindex=\"0\" aria-expanded=\"false\" aria-controls=\"e-n-accordion-item-1500\" >\n\t\t\t\t\t<span class='e-n-accordion-item-title-header'><div class=\"e-n-accordion-item-title-text\"> Derecho mercantil y societario <\/div><\/span>\n\t\t\t\t\t\t\t\t\t<\/summary>\n\t\t\t\t<div role=\"region\" aria-labelledby=\"e-n-accordion-item-1500\" class=\"elementor-element elementor-element-2e41c67 e-con-full e-flex e-con e-child\" data-id=\"2e41c67\" data-element_type=\"container\">\n\t\t\t\t<div class=\"elementor-element elementor-element-c487f8c elementor-widget elementor-widget-text-editor\" data-id=\"c487f8c\" data-element_type=\"widget\" data-widget_type=\"text-editor.default\">\n\t\t\t\t<div class=\"elementor-widget-container\">\n\t\t\t\t\t\t\t\t\t<p>Prestamos asesoramiento integral a empresas, emprendedores, socios y accionistas, inversores y socios estrat\u00e9gicos a lo largo de sus actividades empresariales, desde la constituci\u00f3n de sociedades, la redacci\u00f3n de contratos y la elaboraci\u00f3n de pactos de socios y modificaciones de estatutos, hasta transacciones de inversi\u00f3n, fusiones y adquisiciones, complejas operaciones comerciales, gobierno corporativo y operaciones tanto nacionales como transfronterizas.<\/p>\t\t\t\t\t\t\t\t<\/div>\n\t\t\t\t<\/div>\n\t\t\t\t<\/div>\n\t\t\t\t\t<\/details>\n\t\t\t\t\t\t<details id=\"e-n-accordion-item-1501\" class=\"e-n-accordion-item\" >\n\t\t\t\t<summary class=\"e-n-accordion-item-title\" data-accordion-index=\"2\" tabindex=\"-1\" aria-expanded=\"false\" aria-controls=\"e-n-accordion-item-1501\" >\n\t\t\t\t\t<span class='e-n-accordion-item-title-header'><div class=\"e-n-accordion-item-title-text\"> Derecho penal econ\u00f3mico <\/div><\/span>\n\t\t\t\t\t\t\t\t\t<\/summary>\n\t\t\t\t<div role=\"region\" aria-labelledby=\"e-n-accordion-item-1501\" class=\"elementor-element elementor-element-e8fd5c0 e-con-full e-flex e-con e-child\" data-id=\"e8fd5c0\" data-element_type=\"container\">\n\t\t\t\t<div class=\"elementor-element elementor-element-b4208d3 elementor-widget elementor-widget-text-editor\" data-id=\"b4208d3\" data-element_type=\"widget\" data-widget_type=\"text-editor.default\">\n\t\t\t\t<div class=\"elementor-widget-container\">\n\t\t\t\t\t\t\t\t\t<p>Asesoramos a empresas, directivos y particulares en materia de derecho penal econ\u00f3mico, ofreciendo orientaci\u00f3n preventiva y representaci\u00f3n tanto en la acusaci\u00f3n como en la defensa en casos relacionados con delitos societarios y financieros, tales como fraude, delitos contables, blanqueo de capitales, corrupci\u00f3n empresarial, apropiaci\u00f3n indebida y responsabilidad penal de administradores y directivos.<\/p>\t\t\t\t\t\t\t\t<\/div>\n\t\t\t\t<\/div>\n\t\t\t\t<\/div>\n\t\t\t\t\t<\/details>\n\t\t\t\t\t\t<details id=\"e-n-accordion-item-1502\" class=\"e-n-accordion-item\" >\n\t\t\t\t<summary class=\"e-n-accordion-item-title\" data-accordion-index=\"3\" tabindex=\"-1\" aria-expanded=\"false\" aria-controls=\"e-n-accordion-item-1502\" >\n\t\t\t\t\t<span class='e-n-accordion-item-title-header'><div class=\"e-n-accordion-item-title-text\"> Reestructuraciones e insolvencias <\/div><\/span>\n\t\t\t\t\t\t\t\t\t<\/summary>\n\t\t\t\t<div role=\"region\" aria-labelledby=\"e-n-accordion-item-1502\" class=\"elementor-element elementor-element-ddfddb0 e-con-full e-flex e-con e-child\" data-id=\"ddfddb0\" data-element_type=\"container\">\n\t\t\t\t<div class=\"elementor-element elementor-element-0de738c elementor-widget elementor-widget-text-editor\" data-id=\"0de738c\" data-element_type=\"widget\" data-widget_type=\"text-editor.default\">\n\t\t\t\t<div class=\"elementor-widget-container\">\n\t\t\t\t\t\t\t\t\t<p>Prestamos asesoramiento integral en situaciones de crisis, acompa\u00f1ando a empresas, grupos empresariales, acreedores e inversores en los desaf\u00edos legales y financieros que enfrentan, incluyendo refinanciaci\u00f3n, reestructuraciones de deuda, capital y operativas, transacciones en dificultades financieras (\u201cdistress\u201d), concursos de acreedores y procedimientos de insolvencia.<\/p>\t\t\t\t\t\t\t\t<\/div>\n\t\t\t\t<\/div>\n\t\t\t\t<\/div>\n\t\t\t\t\t<\/details>\n\t\t\t\t\t\t<details id=\"e-n-accordion-item-1503\" class=\"e-n-accordion-item\" >\n\t\t\t\t<summary class=\"e-n-accordion-item-title\" data-accordion-index=\"4\" tabindex=\"-1\" aria-expanded=\"false\" aria-controls=\"e-n-accordion-item-1503\" >\n\t\t\t\t\t<span class='e-n-accordion-item-title-header'><div class=\"e-n-accordion-item-title-text\"> Derecho civil <\/div><\/span>\n\t\t\t\t\t\t\t\t\t<\/summary>\n\t\t\t\t<div role=\"region\" aria-labelledby=\"e-n-accordion-item-1503\" class=\"elementor-element elementor-element-76b6757 e-flex e-con-boxed e-con e-child\" data-id=\"76b6757\" data-element_type=\"container\">\n\t\t\t\t\t<div class=\"e-con-inner\">\n\t\t\t\t<div class=\"elementor-element elementor-element-969a168 elementor-widget elementor-widget-text-editor\" data-id=\"969a168\" data-element_type=\"widget\" data-widget_type=\"text-editor.default\">\n\t\t\t\t<div class=\"elementor-widget-container\">\n\t\t\t\t\t\t\t\t\t<p>Actuamos en el asesoramiento, negociaci\u00f3n y resoluci\u00f3n de conflictos, interviniendo en una amplia variedad de asuntos civiles, incluyendo responsabilidad contractual y extracontractual, reclamaciones de cantidad, conflictos en materia de seguros y diversos conflictos de naturaleza civil entre particulares, empresas y otras entidades.<\/p>\t\t\t\t\t\t\t\t<\/div>\n\t\t\t\t<\/div>\n\t\t\t\t\t<\/div>\n\t\t\t\t<\/div>\n\t\t\t\t\t<\/details>\n\t\t\t\t\t\t<details id=\"e-n-accordion-item-1504\" class=\"e-n-accordion-item\" >\n\t\t\t\t<summary class=\"e-n-accordion-item-title\" data-accordion-index=\"5\" tabindex=\"-1\" aria-expanded=\"false\" aria-controls=\"e-n-accordion-item-1504\" >\n\t\t\t\t\t<span class='e-n-accordion-item-title-header'><div class=\"e-n-accordion-item-title-text\"> Derecho administrativo y de contrataci\u00f3n p\u00fablica <\/div><\/span>\n\t\t\t\t\t\t\t\t\t<\/summary>\n\t\t\t\t<div role=\"region\" aria-labelledby=\"e-n-accordion-item-1504\" class=\"elementor-element elementor-element-251ad58 e-flex e-con-boxed e-con e-child\" data-id=\"251ad58\" data-element_type=\"container\">\n\t\t\t\t\t<div class=\"e-con-inner\">\n\t\t\t\t<div class=\"elementor-element elementor-element-9751a64 elementor-widget elementor-widget-text-editor\" data-id=\"9751a64\" data-element_type=\"widget\" data-widget_type=\"text-editor.default\">\n\t\t\t\t<div class=\"elementor-widget-container\">\n\t\t\t\t\t\t\t\t\t<p>Asistimos a empresas y particulares en sus relaciones con las Administraciones P\u00fablicas, incluyendo procedimientos administrativos, licitaciones, subvenciones y ayudas p\u00fablicas, as\u00ed como recursos en v\u00eda administrativa y contencioso-administrativa.<\/p>\t\t\t\t\t\t\t\t<\/div>\n\t\t\t\t<\/div>\n\t\t\t\t\t<\/div>\n\t\t\t\t<\/div>\n\t\t\t\t\t<\/details>\n\t\t\t\t\t\t<details id=\"e-n-accordion-item-1505\" class=\"e-n-accordion-item\" >\n\t\t\t\t<summary class=\"e-n-accordion-item-title\" data-accordion-index=\"6\" tabindex=\"-1\" aria-expanded=\"false\" aria-controls=\"e-n-accordion-item-1505\" >\n\t\t\t\t\t<span class='e-n-accordion-item-title-header'><div class=\"e-n-accordion-item-title-text\"> Derecho constitucional <\/div><\/span>\n\t\t\t\t\t\t\t\t\t<\/summary>\n\t\t\t\t<div role=\"region\" aria-labelledby=\"e-n-accordion-item-1505\" class=\"elementor-element elementor-element-a4d0142 e-flex e-con-boxed e-con e-child\" data-id=\"a4d0142\" data-element_type=\"container\">\n\t\t\t\t\t<div class=\"e-con-inner\">\n\t\t\t\t<div class=\"elementor-element elementor-element-2ad1883 elementor-widget elementor-widget-text-editor\" data-id=\"2ad1883\" data-element_type=\"widget\" data-widget_type=\"text-editor.default\">\n\t\t\t\t<div class=\"elementor-widget-container\">\n\t\t\t\t\t\t\t\t\t<p>Brindamos asesoramiento en la defensa de derechos fundamentales, recursos de amparo, cuestiones y recursos de inconstitucionalidad, as\u00ed como an\u00e1lisis de constitucionalidad en relaci\u00f3n con actuaciones de poderes p\u00fablicos o normativa aplicable.<\/p>\t\t\t\t\t\t\t\t<\/div>\n\t\t\t\t<\/div>\n\t\t\t\t\t<\/div>\n\t\t\t\t<\/div>\n\t\t\t\t\t<\/details>\n\t\t\t\t\t\t<details id=\"e-n-accordion-item-1506\" class=\"e-n-accordion-item\" >\n\t\t\t\t<summary class=\"e-n-accordion-item-title\" data-accordion-index=\"7\" tabindex=\"-1\" aria-expanded=\"false\" aria-controls=\"e-n-accordion-item-1506\" >\n\t\t\t\t\t<span class='e-n-accordion-item-title-header'><div class=\"e-n-accordion-item-title-text\"> Derecho inmobiliario <\/div><\/span>\n\t\t\t\t\t\t\t\t\t<\/summary>\n\t\t\t\t<div role=\"region\" aria-labelledby=\"e-n-accordion-item-1506\" class=\"elementor-element elementor-element-9680f23 e-flex e-con-boxed e-con e-child\" data-id=\"9680f23\" data-element_type=\"container\">\n\t\t\t\t\t<div class=\"e-con-inner\">\n\t\t\t\t<div class=\"elementor-element elementor-element-0780f37 elementor-widget elementor-widget-text-editor\" data-id=\"0780f37\" data-element_type=\"widget\" data-widget_type=\"text-editor.default\">\n\t\t\t\t<div class=\"elementor-widget-container\">\n\t\t\t\t\t\t\t\t\t<p>Asesoramos a nuestros clientes en un amplio abanico de aspectos de las operaciones inmobiliarias, incluyendo la due diligence legal, las adquisiciones y transmisiones, las operaciones de financiaci\u00f3n \u2013como hipotecas, pr\u00e9stamos, refinanciaciones y otras estructuras financieras\u2013 y los contratos de arrendamiento, proporcionando asesoramiento jur\u00eddico y apoyo pr\u00e1ctico en todas las fases de la operaci\u00f3n.<\/p>\t\t\t\t\t\t\t\t<\/div>\n\t\t\t\t<\/div>\n\t\t\t\t\t<\/div>\n\t\t\t\t<\/div>\n\t\t\t\t\t<\/details>\n\t\t\t\t\t<\/div>\n\t\t\t\t\t\t<\/div>\n\t\t\t\t<\/div>\n\t\t<div class=\"elementor-element elementor-element-8793982 e-con-full e-flex e-con e-child\" data-id=\"8793982\" data-element_type=\"container\" data-settings=\"{&quot;background_background&quot;:&quot;classic&quot;}\">\n\t\t\t\t<div class=\"elementor-element elementor-element-aca9025 elementor-widget elementor-widget-image\" data-id=\"aca9025\" data-element_type=\"widget\" data-widget_type=\"image.default\">\n\t\t\t\t<div class=\"elementor-widget-container\">\n\t\t\t\t\t\t\t\t\t\t\t\t\t\t\t<img loading=\"lazy\" decoding=\"async\" width=\"1024\" height=\"684\" src=\"https:\/\/www.shalevet.es\/es\/wp-content\/uploads\/2026\/01\/3-scaled-2-1024x684.jpg\" class=\"attachment-large size-large wp-image-5559\" alt=\"\" srcset=\"https:\/\/www.shalevet.es\/es\/wp-content\/uploads\/2026\/01\/3-scaled-2-1024x684.jpg 1024w, https:\/\/www.shalevet.es\/es\/wp-content\/uploads\/2026\/01\/3-scaled-2-300x200.jpg 300w, https:\/\/www.shalevet.es\/es\/wp-content\/uploads\/2026\/01\/3-scaled-2-768x513.jpg 768w, https:\/\/www.shalevet.es\/es\/wp-content\/uploads\/2026\/01\/3-scaled-2-1536x1025.jpg 1536w, https:\/\/www.shalevet.es\/es\/wp-content\/uploads\/2026\/01\/3-scaled-2-2048x1367.jpg 2048w\" sizes=\"auto, (max-width: 1024px) 100vw, 1024px\" \/>\t\t\t\t\t\t\t\t\t\t\t\t\t\t\t<\/div>\n\t\t\t\t<\/div>\n\t\t\t\t<\/div>\n\t\t\t\t<\/div>\n\t\t\t\t<\/div>\n\t\t","protected":false},"excerpt":{"rendered":"<p>\u00c1reas de Pr\u00e1ctica Derecho mercantil y societario Prestamos asesoramiento integral a empresas, emprendedores, socios y accionistas, inversores y socios estrat\u00e9gicos a lo largo de sus actividades empresariales, desde la constituci\u00f3n de sociedades, la redacci\u00f3n de contratos y la elaboraci\u00f3n de pactos de socios y modificaciones de estatutos, hasta transacciones de inversi\u00f3n, fusiones y adquisiciones, complejas [&hellip;]<\/p>\n","protected":false},"author":1,"featured_media":0,"parent":0,"menu_order":0,"comment_status":"closed","ping_status":"closed","template":"","meta":{"_acf_changed":false,"site-sidebar-layout":"no-sidebar","site-content-layout":"page-builder","ast-site-content-layout":"full-width-container","site-content-style":"default","site-sidebar-style":"default","ast-global-header-display":"","ast-banner-title-visibility":"","ast-main-header-display":"","ast-hfb-above-header-display":"","ast-hfb-below-header-display":"","ast-hfb-mobile-header-display":"","site-post-title":"disabled","ast-breadcrumbs-content":"","ast-featured-img":"disabled","footer-sml-layout":"","theme-transparent-header-meta":"","adv-header-id-meta":"","stick-header-meta":"","header-above-stick-meta":"","header-main-stick-meta":"","header-below-stick-meta":"","astra-migrate-meta-layouts":"default","ast-page-background-enabled":"default","ast-page-background-meta":{"desktop":{"background-color":"var(--ast-global-color-4)","background-image":"","background-repeat":"repeat","background-position":"center center","background-size":"auto","background-attachment":"scroll","background-type":"","background-media":"","overlay-type":"","overlay-color":"","overlay-opacity":"","overlay-gradient":""},"tablet":{"background-color":"","background-image":"","background-repeat":"repeat","background-position":"center center","background-size":"auto","background-attachment":"scroll","background-type":"","background-media":"","overlay-type":"","overlay-color":"","overlay-opacity":"","overlay-gradient":""},"mobile":{"background-color":"","background-image":"","background-repeat":"repeat","background-position":"center center","background-size":"auto","background-attachment":"scroll","background-type":"","background-media":"","overlay-type":"","overlay-color":"","overlay-opacity":"","overlay-gradient":""}},"ast-content-background-meta":{"desktop":{"background-color":"var(--ast-global-color-5)","background-image":"","background-repeat":"repeat","background-position":"center center","background-size":"auto","background-attachment":"scroll","background-type":"","background-media":"","overlay-type":"","overlay-color":"","overlay-opacity":"","overlay-gradient":""},"tablet":{"background-color":"var(--ast-global-color-5)","background-image":"","background-repeat":"repeat","background-position":"center center","background-size":"auto","background-attachment":"scroll","background-type":"","background-media":"","overlay-type":"","overlay-color":"","overlay-opacity":"","overlay-gradient":""},"mobile":{"background-color":"var(--ast-global-color-5)","background-image":"","background-repeat":"repeat","background-position":"center center","background-size":"auto","background-attachment":"scroll","background-type":"","background-media":"","overlay-type":"","overlay-color":"","overlay-opacity":"","overlay-gradient":""}},"footnotes":""},"class_list":["post-16","page","type-page","status-publish","hentry"],"acf":[],"yoast_head":"<!-- This site is optimized with the Yoast SEO plugin v27.0 - https:\/\/yoast.com\/product\/yoast-seo-wordpress\/ -->\n<title>\u00c1reas de pr\u00e1ctica -<\/title>\n<meta name=\"robots\" content=\"index, follow, max-snippet:-1, max-image-preview:large, max-video-preview:-1\" \/>\n<link rel=\"canonical\" href=\"https:\/\/www.shalevet.es\/es\/areas-de-practica\/\" \/>\n<meta property=\"og:locale\" content=\"es_ES\" \/>\n<meta property=\"og:type\" content=\"article\" \/>\n<meta property=\"og:title\" content=\"\u00c1reas de pr\u00e1ctica -\" \/>\n<meta property=\"og:description\" content=\"\u00c1reas de Pr\u00e1ctica Derecho mercantil y societario Prestamos asesoramiento integral a empresas, emprendedores, socios y accionistas, inversores y socios estrat\u00e9gicos a lo largo de sus actividades empresariales, desde la constituci\u00f3n de sociedades, la redacci\u00f3n de contratos y la elaboraci\u00f3n de pactos de socios y modificaciones de estatutos, hasta transacciones de inversi\u00f3n, fusiones y adquisiciones, complejas [&hellip;]\" \/>\n<meta property=\"og:url\" content=\"https:\/\/www.shalevet.es\/es\/areas-de-practica\/\" \/>\n<meta property=\"article:modified_time\" content=\"2026-01-14T08:04:48+00:00\" \/>\n<meta property=\"og:image\" content=\"https:\/\/www.shalevet.es\/es\/wp-content\/uploads\/2026\/01\/3-scaled-2.jpg\" \/>\n\t<meta property=\"og:image:width\" content=\"2560\" \/>\n\t<meta property=\"og:image:height\" content=\"1709\" \/>\n\t<meta property=\"og:image:type\" content=\"image\/jpeg\" \/>\n<meta name=\"twitter:card\" content=\"summary_large_image\" \/>\n<meta name=\"twitter:label1\" content=\"Tiempo de lectura\" \/>\n\t<meta name=\"twitter:data1\" content=\"3 minutos\" \/>\n<script type=\"application\/ld+json\" class=\"yoast-schema-graph\">{\"@context\":\"https:\/\/schema.org\",\"@graph\":[{\"@type\":\"WebPage\",\"@id\":\"https:\/\/www.shalevet.es\/es\/areas-de-practica\/\",\"url\":\"https:\/\/www.shalevet.es\/es\/areas-de-practica\/\",\"name\":\"\u00c1reas de pr\u00e1ctica -\",\"isPartOf\":{\"@id\":\"https:\/\/www.shalevet.es\/es\/#website\"},\"primaryImageOfPage\":{\"@id\":\"https:\/\/www.shalevet.es\/es\/areas-de-practica\/#primaryimage\"},\"image\":{\"@id\":\"https:\/\/www.shalevet.es\/es\/areas-de-practica\/#primaryimage\"},\"thumbnailUrl\":\"https:\/\/www.shalevet.es\/es\/wp-content\/uploads\/2026\/01\/3-scaled-2-1024x684.jpg\",\"datePublished\":\"2024-08-31T09:16:35+00:00\",\"dateModified\":\"2026-01-14T08:04:48+00:00\",\"breadcrumb\":{\"@id\":\"https:\/\/www.shalevet.es\/es\/areas-de-practica\/#breadcrumb\"},\"inLanguage\":\"es\",\"potentialAction\":[{\"@type\":\"ReadAction\",\"target\":[\"https:\/\/www.shalevet.es\/es\/areas-de-practica\/\"]}]},{\"@type\":\"ImageObject\",\"inLanguage\":\"es\",\"@id\":\"https:\/\/www.shalevet.es\/es\/areas-de-practica\/#primaryimage\",\"url\":\"https:\/\/www.shalevet.es\/es\/wp-content\/uploads\/2026\/01\/3-scaled-2.jpg\",\"contentUrl\":\"https:\/\/www.shalevet.es\/es\/wp-content\/uploads\/2026\/01\/3-scaled-2.jpg\",\"width\":2560,\"height\":1709},{\"@type\":\"BreadcrumbList\",\"@id\":\"https:\/\/www.shalevet.es\/es\/areas-de-practica\/#breadcrumb\",\"itemListElement\":[{\"@type\":\"ListItem\",\"position\":1,\"name\":\"Portada\",\"item\":\"https:\/\/www.shalevet.es\/es\/\"},{\"@type\":\"ListItem\",\"position\":2,\"name\":\"\u00c1reas de pr\u00e1ctica\"}]},{\"@type\":\"WebSite\",\"@id\":\"https:\/\/www.shalevet.es\/es\/#website\",\"url\":\"https:\/\/www.shalevet.es\/es\/\",\"name\":\"Shalevet\",\"description\":\"\",\"publisher\":{\"@id\":\"https:\/\/www.shalevet.es\/es\/#organization\"},\"potentialAction\":[{\"@type\":\"SearchAction\",\"target\":{\"@type\":\"EntryPoint\",\"urlTemplate\":\"https:\/\/www.shalevet.es\/es\/?s={search_term_string}\"},\"query-input\":{\"@type\":\"PropertyValueSpecification\",\"valueRequired\":true,\"valueName\":\"search_term_string\"}}],\"inLanguage\":\"es\"},{\"@type\":\"Organization\",\"@id\":\"https:\/\/www.shalevet.es\/es\/#organization\",\"name\":\"Shalevet\",\"url\":\"https:\/\/www.shalevet.es\/es\/\",\"logo\":{\"@type\":\"ImageObject\",\"inLanguage\":\"es\",\"@id\":\"https:\/\/www.shalevet.es\/es\/#\/schema\/logo\/image\/\",\"url\":\"https:\/\/www.shalevet.es\/es\/wp-content\/uploads\/2024\/09\/SHALEVET_logo-removebg-preview.png\",\"contentUrl\":\"https:\/\/www.shalevet.es\/es\/wp-content\/uploads\/2024\/09\/SHALEVET_logo-removebg-preview.png\",\"width\":446,\"height\":298,\"caption\":\"Shalevet\"},\"image\":{\"@id\":\"https:\/\/www.shalevet.es\/es\/#\/schema\/logo\/image\/\"}}]}<\/script>\n<!-- \/ Yoast SEO plugin. -->","yoast_head_json":{"title":"\u00c1reas de pr\u00e1ctica -","robots":{"index":"index","follow":"follow","max-snippet":"max-snippet:-1","max-image-preview":"max-image-preview:large","max-video-preview":"max-video-preview:-1"},"canonical":"https:\/\/www.shalevet.es\/es\/areas-de-practica\/","og_locale":"es_ES","og_type":"article","og_title":"\u00c1reas de pr\u00e1ctica -","og_description":"\u00c1reas de Pr\u00e1ctica Derecho mercantil y societario Prestamos asesoramiento integral a empresas, emprendedores, socios y accionistas, inversores y socios estrat\u00e9gicos a lo largo de sus actividades empresariales, desde la constituci\u00f3n de sociedades, la redacci\u00f3n de contratos y la elaboraci\u00f3n de pactos de socios y modificaciones de estatutos, hasta transacciones de inversi\u00f3n, fusiones y adquisiciones, complejas [&hellip;]","og_url":"https:\/\/www.shalevet.es\/es\/areas-de-practica\/","article_modified_time":"2026-01-14T08:04:48+00:00","og_image":[{"width":2560,"height":1709,"url":"https:\/\/www.shalevet.es\/es\/wp-content\/uploads\/2026\/01\/3-scaled-2.jpg","type":"image\/jpeg"}],"twitter_card":"summary_large_image","twitter_misc":{"Tiempo de lectura":"3 minutos"},"schema":{"@context":"https:\/\/schema.org","@graph":[{"@type":"WebPage","@id":"https:\/\/www.shalevet.es\/es\/areas-de-practica\/","url":"https:\/\/www.shalevet.es\/es\/areas-de-practica\/","name":"\u00c1reas de pr\u00e1ctica -","isPartOf":{"@id":"https:\/\/www.shalevet.es\/es\/#website"},"primaryImageOfPage":{"@id":"https:\/\/www.shalevet.es\/es\/areas-de-practica\/#primaryimage"},"image":{"@id":"https:\/\/www.shalevet.es\/es\/areas-de-practica\/#primaryimage"},"thumbnailUrl":"https:\/\/www.shalevet.es\/es\/wp-content\/uploads\/2026\/01\/3-scaled-2-1024x684.jpg","datePublished":"2024-08-31T09:16:35+00:00","dateModified":"2026-01-14T08:04:48+00:00","breadcrumb":{"@id":"https:\/\/www.shalevet.es\/es\/areas-de-practica\/#breadcrumb"},"inLanguage":"es","potentialAction":[{"@type":"ReadAction","target":["https:\/\/www.shalevet.es\/es\/areas-de-practica\/"]}]},{"@type":"ImageObject","inLanguage":"es","@id":"https:\/\/www.shalevet.es\/es\/areas-de-practica\/#primaryimage","url":"https:\/\/www.shalevet.es\/es\/wp-content\/uploads\/2026\/01\/3-scaled-2.jpg","contentUrl":"https:\/\/www.shalevet.es\/es\/wp-content\/uploads\/2026\/01\/3-scaled-2.jpg","width":2560,"height":1709},{"@type":"BreadcrumbList","@id":"https:\/\/www.shalevet.es\/es\/areas-de-practica\/#breadcrumb","itemListElement":[{"@type":"ListItem","position":1,"name":"Portada","item":"https:\/\/www.shalevet.es\/es\/"},{"@type":"ListItem","position":2,"name":"\u00c1reas de pr\u00e1ctica"}]},{"@type":"WebSite","@id":"https:\/\/www.shalevet.es\/es\/#website","url":"https:\/\/www.shalevet.es\/es\/","name":"Shalevet","description":"","publisher":{"@id":"https:\/\/www.shalevet.es\/es\/#organization"},"potentialAction":[{"@type":"SearchAction","target":{"@type":"EntryPoint","urlTemplate":"https:\/\/www.shalevet.es\/es\/?s={search_term_string}"},"query-input":{"@type":"PropertyValueSpecification","valueRequired":true,"valueName":"search_term_string"}}],"inLanguage":"es"},{"@type":"Organization","@id":"https:\/\/www.shalevet.es\/es\/#organization","name":"Shalevet","url":"https:\/\/www.shalevet.es\/es\/","logo":{"@type":"ImageObject","inLanguage":"es","@id":"https:\/\/www.shalevet.es\/es\/#\/schema\/logo\/image\/","url":"https:\/\/www.shalevet.es\/es\/wp-content\/uploads\/2024\/09\/SHALEVET_logo-removebg-preview.png","contentUrl":"https:\/\/www.shalevet.es\/es\/wp-content\/uploads\/2024\/09\/SHALEVET_logo-removebg-preview.png","width":446,"height":298,"caption":"Shalevet"},"image":{"@id":"https:\/\/www.shalevet.es\/es\/#\/schema\/logo\/image\/"}}]}},"_links":{"self":[{"href":"https:\/\/www.shalevet.es\/es\/wp-json\/wp\/v2\/pages\/16","targetHints":{"allow":["GET"]}}],"collection":[{"href":"https:\/\/www.shalevet.es\/es\/wp-json\/wp\/v2\/pages"}],"about":[{"href":"https:\/\/www.shalevet.es\/es\/wp-json\/wp\/v2\/types\/page"}],"author":[{"embeddable":true,"href":"https:\/\/www.shalevet.es\/es\/wp-json\/wp\/v2\/users\/1"}],"replies":[{"embeddable":true,"href":"https:\/\/www.shalevet.es\/es\/wp-json\/wp\/v2\/comments?post=16"}],"version-history":[{"count":5,"href":"https:\/\/www.shalevet.es\/es\/wp-json\/wp\/v2\/pages\/16\/revisions"}],"predecessor-version":[{"id":7584,"href":"https:\/\/www.shalevet.es\/es\/wp-json\/wp\/v2\/pages\/16\/revisions\/7584"}],"wp:attachment":[{"href":"https:\/\/www.shalevet.es\/es\/wp-json\/wp\/v2\/media?parent=16"}],"curies":[{"name":"wp","href":"https:\/\/api.w.org\/{rel}","templated":true}]}}