{"id":21,"date":"2024-08-31T09:16:35","date_gmt":"2024-08-31T09:16:35","guid":{"rendered":"https:\/\/html.foduu.com\/shalevet\/\/?page_id=21"},"modified":"2026-01-13T09:46:55","modified_gmt":"2026-01-13T09:46:55","slug":"contacto","status":"publish","type":"page","link":"https:\/\/www.shalevet.es\/es\/contacto\/","title":{"rendered":"Contacto"},"content":{"rendered":"\t\t<div data-elementor-type=\"wp-page\" data-elementor-id=\"21\" class=\"elementor elementor-21\" data-elementor-post-type=\"page\">\n\t\t\t\t<div class=\"elementor-element elementor-element-c4897ba e-con-full animated-slow e-flex e-con e-parent\" data-id=\"c4897ba\" data-element_type=\"container\" data-settings=\"{&quot;background_background&quot;:&quot;classic&quot;,&quot;animation&quot;:&quot;none&quot;}\">\n\t\t<div class=\"elementor-element elementor-element-ca0dcf4 e-con-full e-flex e-con e-child\" data-id=\"ca0dcf4\" data-element_type=\"container\">\n\t\t\t\t<div class=\"elementor-element elementor-element-e5c05d8 elementor-widget__width-initial elementor-widget elementor-widget-heading\" data-id=\"e5c05d8\" data-element_type=\"widget\" data-widget_type=\"heading.default\">\n\t\t\t\t<div class=\"elementor-widget-container\">\n\t\t\t\t\t<p class=\"elementor-heading-title elementor-size-default\">Contacto<\/p>\t\t\t\t<\/div>\n\t\t\t\t<\/div>\n\t\t\t\t<\/div>\n\t\t\t\t<\/div>\n\t\t<div class=\"elementor-element elementor-element-b20ddf2 e-flex e-con-boxed e-con e-parent\" data-id=\"b20ddf2\" data-element_type=\"container\">\n\t\t\t\t\t<div class=\"e-con-inner\">\n\t\t\t\t<div class=\"elementor-element elementor-element-b21777b elementor-widget elementor-widget-heading\" data-id=\"b21777b\" data-element_type=\"widget\" data-widget_type=\"heading.default\">\n\t\t\t\t<div class=\"elementor-widget-container\">\n\t\t\t\t\t<div class=\"elementor-heading-title elementor-size-default\"><p class=\"contact-text\">\n    <strong class=\"contact-heading\">Estamos aqu\u00ed para ayudarle<\/strong>.\n    Si desea realizar una consulta legal o obtener m\u00e1s informaci\u00f3n sobre\n    nuestros servicios, no dude en ponerse en contacto con nosotros a\n    trav\u00e9s del formulario que encontrar\u00e1 a continuaci\u00f3n o escribi\u00e9ndonos a\n    <a href=\"mailto:info@shalevet.es\">info@shalevet.es<\/a>.\n    Nuestro equipo estar\u00e1 encantado de atenderle.\n<\/p>\n<\/div>\t\t\t\t<\/div>\n\t\t\t\t<\/div>\n\t\t\t\t\t<\/div>\n\t\t\t\t<\/div>\n\t\t<div class=\"elementor-element elementor-element-2784eab e-flex e-con-boxed e-con e-parent\" data-id=\"2784eab\" data-element_type=\"container\" data-settings=\"{&quot;background_background&quot;:&quot;gradient&quot;}\">\n\t\t\t\t\t<div class=\"e-con-inner\">\n\t\t\t\t<div class=\"elementor-element elementor-element-5a5a4af elementor-widget__width-initial elementor-widget-mobile__width-inherit elementor-widget elementor-widget-text-editor\" data-id=\"5a5a4af\" data-element_type=\"widget\" data-widget_type=\"text-editor.default\">\n\t\t\t\t<div class=\"elementor-widget-container\">\n\t\t\t\t\t\t\t\t\t\n<div class=\"wpcf7 no-js\" id=\"wpcf7-f4717-o1\" lang=\"en-US\" dir=\"ltr\" data-wpcf7-id=\"4717\">\n<div class=\"screen-reader-response\"><p role=\"status\" aria-live=\"polite\" aria-atomic=\"true\"><\/p> <ul><\/ul><\/div>\n<form action=\"\/es\/wp-json\/wp\/v2\/pages\/21#wpcf7-f4717-o1\" method=\"post\" class=\"wpcf7-form init\" aria-label=\"Contact form\" novalidate=\"novalidate\" data-status=\"init\">\n<fieldset class=\"hidden-fields-container\"><input type=\"hidden\" name=\"_wpcf7\" value=\"4717\" \/><input type=\"hidden\" name=\"_wpcf7_version\" value=\"6.1.4\" \/><input type=\"hidden\" name=\"_wpcf7_locale\" value=\"en_US\" \/><input type=\"hidden\" name=\"_wpcf7_unit_tag\" value=\"wpcf7-f4717-o1\" \/><input type=\"hidden\" name=\"_wpcf7_container_post\" value=\"0\" \/><input type=\"hidden\" name=\"_wpcf7_posted_data_hash\" value=\"\" \/>\n<\/fieldset>\n<div class=\"shalevet-form-wrapper\">\n\t<div class=\"shalevet-contact-form\">\n\t\t<div class=\"form-row two-cols\">\n\t\t\t<div class=\"form-col\">\n\t\t\t\t<p><span class=\"wpcf7-form-control-wrap\" data-name=\"your-name\"><input size=\"40\" maxlength=\"400\" minlength=\"2\" class=\"wpcf7-form-control wpcf7-text wpcf7-validates-as-required\" aria-required=\"true\" aria-invalid=\"false\" placeholder=\"Nombre y Apellidos*\" value=\"\" type=\"text\" name=\"your-name\" \/><\/span>\n\t\t\t\t<\/p>\n\t\t\t<\/div>\n\t\t\t<div class=\"form-col\">\n\t\t\t\t<p><span class=\"wpcf7-form-control-wrap\" data-name=\"your-email\"><input size=\"40\" maxlength=\"400\" class=\"wpcf7-form-control wpcf7-email wpcf7-validates-as-required wpcf7-text wpcf7-validates-as-email\" aria-required=\"true\" aria-invalid=\"false\" placeholder=\"E-mail*\" value=\"\" type=\"email\" name=\"your-email\" \/><\/span>\n\t\t\t\t<\/p>\n\t\t\t<\/div>\n\t\t<\/div>\n\t\t<div class=\"form-row\">\n\t\t\t<p><span class=\"wpcf7-form-control-wrap\" data-name=\"your-message\"><textarea cols=\"40\" rows=\"10\" maxlength=\"2000\" class=\"wpcf7-form-control wpcf7-textarea\" aria-invalid=\"false\" placeholder=\"Mensaje*\" name=\"your-message\"><\/textarea><\/span>\n\t\t\t<\/p>\n\t\t<\/div>\n\t\t<div class=\"privacy-section\">\n\t\t\t<p><label class=\"cf7-privacy\"> <span class=\"wpcf7-form-control-wrap\" data-name=\"privacy-consent\"><span class=\"wpcf7-form-control wpcf7-acceptance\"><span class=\"wpcf7-list-item\"><input type=\"checkbox\" name=\"privacy-consent\" value=\"1\" aria-invalid=\"false\" \/><\/span><\/span><\/span> <span class=\"privacy-text\"> He le\u00eddo y acepto la <a href=\"https:\/\/www.shalevet.es\/es\/politica-de-privacidad\/\"> Pol\u00edtica de Privacidad <\/a> <\/span> <\/label>\n\t\t\t<\/p>\n\t\t<\/div>\n\t\t<div class=\"form-row captcha-row\">\n\t\t\t<p><span class=\"captcha-inline\"><br \/>\n<span class=\"captcha-text\"><br \/>\n<span id=\"num1\"><\/span> + <span id=\"num2\"><\/span> =<br \/>\n<\/span><br \/>\n<span class=\"wpcf7-form-control-wrap\" data-name=\"math-captcha\"><br \/>\n<input\n            class=\"wpcf7-form-control wpcf7-text captcha-input\"\n            type=\"text\"\n            name=\"math_captcha\"\n            required \/><br \/>\n<\/span><br \/>\n<input type=\"hidden\" name=\"math_result\" id=\"math_result\" \/><br \/>\n<input class=\"wpcf7-form-control wpcf7-submit captcha-btn\" type=\"submit\" value=\"Enviar\" \/><br \/>\n<\/span>\n\t\t\t<\/p>\n\t\t<\/div>\n\t<\/div>\n<\/div><div class=\"wpcf7-response-output\" aria-hidden=\"true\"><\/div>\n<\/form>\n<\/div>\n\t\t\t\t\t\t\t\t<\/div>\n\t\t\t\t<\/div>\n\t\t\t\t\t<\/div>\n\t\t\t\t<\/div>\n\t\t\t\t<\/div>\n\t\t","protected":false},"excerpt":{"rendered":"<p>Contacto Estamos aqu\u00ed para ayudarle. Si desea realizar una consulta legal o obtener m\u00e1s informaci\u00f3n sobre nuestros servicios, no dude en ponerse en contacto con nosotros a trav\u00e9s del formulario que encontrar\u00e1 a continuaci\u00f3n o escribi\u00e9ndonos a info@shalevet.es. Nuestro equipo estar\u00e1 encantado de atenderle.<\/p>\n","protected":false},"author":1,"featured_media":0,"parent":0,"menu_order":0,"comment_status":"closed","ping_status":"closed","template":"","meta":{"_acf_changed":false,"site-sidebar-layout":"no-sidebar","site-content-layout":"page-builder","ast-site-content-layout":"full-width-container","site-content-style":"default","site-sidebar-style":"default","ast-global-header-display":"","ast-banner-title-visibility":"","ast-main-header-display":"","ast-hfb-above-header-display":"","ast-hfb-below-header-display":"","ast-hfb-mobile-header-display":"","site-post-title":"disabled","ast-breadcrumbs-content":"","ast-featured-img":"disabled","footer-sml-layout":"","theme-transparent-header-meta":"","adv-header-id-meta":"","stick-header-meta":"","header-above-stick-meta":"","header-main-stick-meta":"","header-below-stick-meta":"","astra-migrate-meta-layouts":"default","ast-page-background-enabled":"default","ast-page-background-meta":{"desktop":{"background-color":"var(--ast-global-color-4)","background-image":"","background-repeat":"repeat","background-position":"center center","background-size":"auto","background-attachment":"scroll","background-type":"","background-media":"","overlay-type":"","overlay-color":"","overlay-opacity":"","overlay-gradient":""},"tablet":{"background-color":"","background-image":"","background-repeat":"repeat","background-position":"center center","background-size":"auto","background-attachment":"scroll","background-type":"","background-media":"","overlay-type":"","overlay-color":"","overlay-opacity":"","overlay-gradient":""},"mobile":{"background-color":"","background-image":"","background-repeat":"repeat","background-position":"center center","background-size":"auto","background-attachment":"scroll","background-type":"","background-media":"","overlay-type":"","overlay-color":"","overlay-opacity":"","overlay-gradient":""}},"ast-content-background-meta":{"desktop":{"background-color":"var(--ast-global-color-5)","background-image":"","background-repeat":"repeat","background-position":"center center","background-size":"auto","background-attachment":"scroll","background-type":"","background-media":"","overlay-type":"","overlay-color":"","overlay-opacity":"","overlay-gradient":""},"tablet":{"background-color":"var(--ast-global-color-5)","background-image":"","background-repeat":"repeat","background-position":"center center","background-size":"auto","background-attachment":"scroll","background-type":"","background-media":"","overlay-type":"","overlay-color":"","overlay-opacity":"","overlay-gradient":""},"mobile":{"background-color":"var(--ast-global-color-5)","background-image":"","background-repeat":"repeat","background-position":"center center","background-size":"auto","background-attachment":"scroll","background-type":"","background-media":"","overlay-type":"","overlay-color":"","overlay-opacity":"","overlay-gradient":""}},"footnotes":""},"class_list":["post-21","page","type-page","status-publish","hentry"],"acf":[],"yoast_head":"<!-- This site is optimized with the Yoast SEO plugin v27.0 - https:\/\/yoast.com\/product\/yoast-seo-wordpress\/ -->\n<title>Contacto -<\/title>\n<meta name=\"robots\" content=\"index, follow, max-snippet:-1, max-image-preview:large, max-video-preview:-1\" \/>\n<link rel=\"canonical\" href=\"https:\/\/www.shalevet.es\/es\/contacto\/\" \/>\n<meta property=\"og:locale\" content=\"es_ES\" \/>\n<meta property=\"og:type\" content=\"article\" \/>\n<meta property=\"og:title\" content=\"Contacto -\" \/>\n<meta property=\"og:description\" content=\"Contacto Estamos aqu\u00ed para ayudarle. Si desea realizar una consulta legal o obtener m\u00e1s informaci\u00f3n sobre nuestros servicios, no dude en ponerse en contacto con nosotros a trav\u00e9s del formulario que encontrar\u00e1 a continuaci\u00f3n o escribi\u00e9ndonos a info@shalevet.es. Nuestro equipo estar\u00e1 encantado de atenderle.\" \/>\n<meta property=\"og:url\" content=\"https:\/\/www.shalevet.es\/es\/contacto\/\" \/>\n<meta property=\"article:modified_time\" content=\"2026-01-13T09:46:55+00:00\" \/>\n<meta name=\"twitter:card\" content=\"summary_large_image\" \/>\n<script type=\"application\/ld+json\" class=\"yoast-schema-graph\">{\"@context\":\"https:\/\/schema.org\",\"@graph\":[{\"@type\":\"WebPage\",\"@id\":\"https:\/\/www.shalevet.es\/es\/contacto\/\",\"url\":\"https:\/\/www.shalevet.es\/es\/contacto\/\",\"name\":\"Contacto -\",\"isPartOf\":{\"@id\":\"https:\/\/www.shalevet.es\/es\/#website\"},\"datePublished\":\"2024-08-31T09:16:35+00:00\",\"dateModified\":\"2026-01-13T09:46:55+00:00\",\"breadcrumb\":{\"@id\":\"https:\/\/www.shalevet.es\/es\/contacto\/#breadcrumb\"},\"inLanguage\":\"es\",\"potentialAction\":[{\"@type\":\"ReadAction\",\"target\":[\"https:\/\/www.shalevet.es\/es\/contacto\/\"]}]},{\"@type\":\"BreadcrumbList\",\"@id\":\"https:\/\/www.shalevet.es\/es\/contacto\/#breadcrumb\",\"itemListElement\":[{\"@type\":\"ListItem\",\"position\":1,\"name\":\"Portada\",\"item\":\"https:\/\/www.shalevet.es\/es\/\"},{\"@type\":\"ListItem\",\"position\":2,\"name\":\"Contacto\"}]},{\"@type\":\"WebSite\",\"@id\":\"https:\/\/www.shalevet.es\/es\/#website\",\"url\":\"https:\/\/www.shalevet.es\/es\/\",\"name\":\"Shalevet\",\"description\":\"\",\"publisher\":{\"@id\":\"https:\/\/www.shalevet.es\/es\/#organization\"},\"potentialAction\":[{\"@type\":\"SearchAction\",\"target\":{\"@type\":\"EntryPoint\",\"urlTemplate\":\"https:\/\/www.shalevet.es\/es\/?s={search_term_string}\"},\"query-input\":{\"@type\":\"PropertyValueSpecification\",\"valueRequired\":true,\"valueName\":\"search_term_string\"}}],\"inLanguage\":\"es\"},{\"@type\":\"Organization\",\"@id\":\"https:\/\/www.shalevet.es\/es\/#organization\",\"name\":\"Shalevet\",\"url\":\"https:\/\/www.shalevet.es\/es\/\",\"logo\":{\"@type\":\"ImageObject\",\"inLanguage\":\"es\",\"@id\":\"https:\/\/www.shalevet.es\/es\/#\/schema\/logo\/image\/\",\"url\":\"https:\/\/www.shalevet.es\/es\/wp-content\/uploads\/2024\/09\/SHALEVET_logo-removebg-preview.png\",\"contentUrl\":\"https:\/\/www.shalevet.es\/es\/wp-content\/uploads\/2024\/09\/SHALEVET_logo-removebg-preview.png\",\"width\":446,\"height\":298,\"caption\":\"Shalevet\"},\"image\":{\"@id\":\"https:\/\/www.shalevet.es\/es\/#\/schema\/logo\/image\/\"}}]}<\/script>\n<!-- \/ Yoast SEO plugin. -->","yoast_head_json":{"title":"Contacto -","robots":{"index":"index","follow":"follow","max-snippet":"max-snippet:-1","max-image-preview":"max-image-preview:large","max-video-preview":"max-video-preview:-1"},"canonical":"https:\/\/www.shalevet.es\/es\/contacto\/","og_locale":"es_ES","og_type":"article","og_title":"Contacto -","og_description":"Contacto Estamos aqu\u00ed para ayudarle. Si desea realizar una consulta legal o obtener m\u00e1s informaci\u00f3n sobre nuestros servicios, no dude en ponerse en contacto con nosotros a trav\u00e9s del formulario que encontrar\u00e1 a continuaci\u00f3n o escribi\u00e9ndonos a info@shalevet.es. Nuestro equipo estar\u00e1 encantado de atenderle.","og_url":"https:\/\/www.shalevet.es\/es\/contacto\/","article_modified_time":"2026-01-13T09:46:55+00:00","twitter_card":"summary_large_image","schema":{"@context":"https:\/\/schema.org","@graph":[{"@type":"WebPage","@id":"https:\/\/www.shalevet.es\/es\/contacto\/","url":"https:\/\/www.shalevet.es\/es\/contacto\/","name":"Contacto -","isPartOf":{"@id":"https:\/\/www.shalevet.es\/es\/#website"},"datePublished":"2024-08-31T09:16:35+00:00","dateModified":"2026-01-13T09:46:55+00:00","breadcrumb":{"@id":"https:\/\/www.shalevet.es\/es\/contacto\/#breadcrumb"},"inLanguage":"es","potentialAction":[{"@type":"ReadAction","target":["https:\/\/www.shalevet.es\/es\/contacto\/"]}]},{"@type":"BreadcrumbList","@id":"https:\/\/www.shalevet.es\/es\/contacto\/#breadcrumb","itemListElement":[{"@type":"ListItem","position":1,"name":"Portada","item":"https:\/\/www.shalevet.es\/es\/"},{"@type":"ListItem","position":2,"name":"Contacto"}]},{"@type":"WebSite","@id":"https:\/\/www.shalevet.es\/es\/#website","url":"https:\/\/www.shalevet.es\/es\/","name":"Shalevet","description":"","publisher":{"@id":"https:\/\/www.shalevet.es\/es\/#organization"},"potentialAction":[{"@type":"SearchAction","target":{"@type":"EntryPoint","urlTemplate":"https:\/\/www.shalevet.es\/es\/?s={search_term_string}"},"query-input":{"@type":"PropertyValueSpecification","valueRequired":true,"valueName":"search_term_string"}}],"inLanguage":"es"},{"@type":"Organization","@id":"https:\/\/www.shalevet.es\/es\/#organization","name":"Shalevet","url":"https:\/\/www.shalevet.es\/es\/","logo":{"@type":"ImageObject","inLanguage":"es","@id":"https:\/\/www.shalevet.es\/es\/#\/schema\/logo\/image\/","url":"https:\/\/www.shalevet.es\/es\/wp-content\/uploads\/2024\/09\/SHALEVET_logo-removebg-preview.png","contentUrl":"https:\/\/www.shalevet.es\/es\/wp-content\/uploads\/2024\/09\/SHALEVET_logo-removebg-preview.png","width":446,"height":298,"caption":"Shalevet"},"image":{"@id":"https:\/\/www.shalevet.es\/es\/#\/schema\/logo\/image\/"}}]}},"_links":{"self":[{"href":"https:\/\/www.shalevet.es\/es\/wp-json\/wp\/v2\/pages\/21","targetHints":{"allow":["GET"]}}],"collection":[{"href":"https:\/\/www.shalevet.es\/es\/wp-json\/wp\/v2\/pages"}],"about":[{"href":"https:\/\/www.shalevet.es\/es\/wp-json\/wp\/v2\/types\/page"}],"author":[{"embeddable":true,"href":"https:\/\/www.shalevet.es\/es\/wp-json\/wp\/v2\/users\/1"}],"replies":[{"embeddable":true,"href":"https:\/\/www.shalevet.es\/es\/wp-json\/wp\/v2\/comments?post=21"}],"version-history":[{"count":5,"href":"https:\/\/www.shalevet.es\/es\/wp-json\/wp\/v2\/pages\/21\/revisions"}],"predecessor-version":[{"id":7159,"href":"https:\/\/www.shalevet.es\/es\/wp-json\/wp\/v2\/pages\/21\/revisions\/7159"}],"wp:attachment":[{"href":"https:\/\/www.shalevet.es\/es\/wp-json\/wp\/v2\/media?parent=21"}],"curies":[{"name":"wp","href":"https:\/\/api.w.org\/{rel}","templated":true}]}}