{"id":2198,"date":"2025-12-06T09:28:07","date_gmt":"2025-12-06T09:28:07","guid":{"rendered":"https:\/\/html.foduu.com\/shalevet\/?page_id=2198"},"modified":"2026-02-20T18:08:11","modified_gmt":"2026-02-20T18:08:11","slug":"cookies-policy","status":"publish","type":"page","link":"https:\/\/www.shalevet.es\/es\/cookies-policy\/","title":{"rendered":"Cookies Policy"},"content":{"rendered":"\t\t<div data-elementor-type=\"wp-page\" data-elementor-id=\"2198\" class=\"elementor elementor-2198\" data-elementor-post-type=\"page\">\n\t\t\t\t<div class=\"elementor-element elementor-element-3247a04 e-con-full animated-slow e-flex e-con e-parent\" data-id=\"3247a04\" data-element_type=\"container\" data-settings=\"{&quot;background_background&quot;:&quot;classic&quot;,&quot;animation&quot;:&quot;none&quot;}\">\n\t\t<div class=\"elementor-element elementor-element-1002495 e-con-full e-flex e-con e-child\" data-id=\"1002495\" data-element_type=\"container\">\n\t\t\t\t<div class=\"elementor-element elementor-element-0943825 elementor-widget__width-initial elementor-widget elementor-widget-heading\" data-id=\"0943825\" data-element_type=\"widget\" data-widget_type=\"heading.default\">\n\t\t\t\t<div class=\"elementor-widget-container\">\n\t\t\t\t\t<p class=\"elementor-heading-title elementor-size-default\">Pol\u00edtica de Cookies<\/p>\t\t\t\t<\/div>\n\t\t\t\t<\/div>\n\t\t\t\t<\/div>\n\t\t\t\t<\/div>\n\t\t<div class=\"elementor-element elementor-element-4bf65c6 e-flex e-con-boxed e-con e-parent\" data-id=\"4bf65c6\" data-element_type=\"container\">\n\t\t\t\t\t<div class=\"e-con-inner\">\n\t\t\t\t<div class=\"elementor-element elementor-element-8140ab4 elementor-widget elementor-widget-text-editor\" data-id=\"8140ab4\" data-element_type=\"widget\" data-widget_type=\"text-editor.default\">\n\t\t\t\t<div class=\"elementor-widget-container\">\n\t\t\t\t\t\t\t\t\t<p class=\"western\">Esta Pol\u00edtica de Cookies es parte integrante de la Pol\u00edtica de Privacidad de <a href=\"https:\/\/www.shalevet.es\/es\/\">www.shalevet.es<\/a> (en adelante, el \u201cSitio Web\u201d). Nuestro Sitio Web utiliza cookies y tecnolog\u00edas similares con la finalidad de posibilitar el correcto funcionamiento de la p\u00e1gina web, facilitar su navegaci\u00f3n a trav\u00e9s de ella, y adicionalmente obtener informaci\u00f3n acerca del uso del Sitio Web, en concreto estad\u00edsticas sobre tr\u00e1fico y rendimiento.<\/p><p class=\"western\">La presente Pol\u00edtica de Cookies tiene por finalidad informarle de manera clara y precisa sobre las cookies y tecnolog\u00edas similares que se utilizan en nuestro Sitio Web, a fin de que pueda decidir de manera informada acerca de su aceptaci\u00f3n o rechazo.<\/p>\t\t\t\t\t\t\t\t<\/div>\n\t\t\t\t<\/div>\n\t\t\t\t<div class=\"elementor-element elementor-element-c26153f elementor-widget elementor-widget-text-editor\" data-id=\"c26153f\" data-element_type=\"widget\" data-widget_type=\"text-editor.default\">\n\t\t\t\t<div class=\"elementor-widget-container\">\n\t\t\t\t\t\t\t\t\t<h5 style=\"margin-top: 0px; text-align: left;\"><span dir=\"auto\" style=\"vertical-align: inherit;\"><span dir=\"auto\" style=\"vertical-align: inherit;\">1. <\/span><\/span><span style=\"text-decoration: underline; text-decoration-color: #088F8F; text-decoration-thickness: 1px; text-underline-offset: 5px;\"><span dir=\"auto\" style=\"vertical-align: inherit;\"><span dir=\"auto\" style=\"vertical-align: inherit;\">\u00bfQu\u00e9 son las cookies?<\/span><\/span><br \/><\/span><\/h5><p class=\"western\">Una cookie es un archivo que se descarga en su equipo (ordenador, tableta, dispositivo m\u00f3vil, etc.) durante su visita al Sitio Web con la finalidad de almacenar informaci\u00f3n que podr\u00e1 ser actualizada y recuperada por la entidad responsable de su instalaci\u00f3n.<\/p><p class=\"western\">Esa informaci\u00f3n est\u00e1 vinculada a un c\u00f3digo que no permite obtener su nombre, sus apellidos, sus datos de contacto ni ning\u00fan otro dato directamente identificativo. Ese c\u00f3digo act\u00faa como identificador para poder reconocerle en cada visita al servicio y mantener la informaci\u00f3n asociada al mismo, y tiene la consideraci\u00f3n de dato pseudonimizado.<\/p><h5 style=\"margin-top: 0px; text-align: left;\"><span dir=\"auto\" style=\"vertical-align: inherit;\"><span dir=\"auto\" style=\"vertical-align: inherit;\">2. <\/span><\/span><span style=\"text-decoration: underline; text-decoration-color: #088F8F; text-decoration-thickness: 1px; text-underline-offset: 5px;\"><span dir=\"auto\" style=\"vertical-align: inherit;\"><span dir=\"auto\" style=\"vertical-align: inherit;\">Tipo de cookies que se usan en el Sitio Web<\/span><\/span><br \/><\/span><\/h5><p class=\"western\">El titular de este Sitio Web utiliza cookies propias y de terceros con diferentes finalidades, que se especifican a continuaci\u00f3n:<\/p><p><strong><span lang=\"es\" style=\"text-decoration: underline; text-decoration-color: #088f8f;\"><span dir=\"auto\" style=\"vertical-align: inherit;\"><span dir=\"auto\" style=\"vertical-align: inherit;\">Cookies t\u00e9cnicas (necesarias)<\/span><\/span><\/span><\/strong><\/p><p class=\"western\">Por una parte, este Sitio Web utiliza cookies t\u00e9cnicas con el objetivo de garantizar el correcto funcionamiento de la p\u00e1gina, as\u00ed como para almacenar sus preferencias sobre la configuraci\u00f3n de su navegaci\u00f3n (como pueda ser el idioma seleccionado o el tama\u00f1o de letra). La instalaci\u00f3n de ese tipo de cookies no requiere del previo consentimiento del usuario, por estar excluidas del \u00e1mbito de aplicaci\u00f3n del art\u00edculo 22.2 de la Ley 34\/2002, de 11 de julio, de Servicios de la Sociedad de la Informaci\u00f3n y de Comercio Electr\u00f3nico.<\/p><p><strong><span lang=\"es\" style=\"text-decoration: underline; text-decoration-color: #088f8f;\"><span dir=\"auto\" style=\"vertical-align: inherit;\"><span dir=\"auto\" style=\"vertical-align: inherit;\">Cookies de medici\u00f3n (anal\u00edticas)<\/span><\/span><\/span><\/strong><\/p><p>En nuestro Sitio Web utilizamos el sistema de medici\u00f3n de audiencia Google Analytics, una herramienta de an\u00e1lisis web de Google LLC que nos permite conocer c\u00f3mo interact\u00faan los usuarios con nuestro Sitio Web. La instalaci\u00f3n de las cookies de este servicio nos permite estimar el n\u00famero total de usuarios que visitan nuestro Sitio Web y aquellas partes del mismo que gozan de mayor popularidad. Gracias a ellas obtenemos informaci\u00f3n que puede ayudarnos a mejorar la navegaci\u00f3n y dar un mejor servicio a usuarios y clientes.<\/p><p class=\"western\">Google LLC tiene su domicilio en 1600 Amphitheatre Parkway, Mountain View, California 94043 (EE. UU.). Le informamos de que la transferencia internacional de datos necesaria para la correcta prestaci\u00f3n del servicio por parte de Google est\u00e1 debidamente regularizada de conformidad con lo exigido en la normativa en vigor, y se ampara en la formalizaci\u00f3n de las Cl\u00e1usulas Contractuales Tipo aprobadas por la Comisi\u00f3n Europea. Adicionalmente, Google LLC es una entidad adherida al Marco de Privacidad de Datos suscrito entre la Uni\u00f3n Europea y Estados Unidos.<\/p><p class=\"p1\">A continuaci\u00f3n, puede ver el listado detallado de cookies utilizadas en nuestro Sitio Web:<\/p>\t\t\t\t\t\t\t\t<\/div>\n\t\t\t\t<\/div>\n\t\t\t\t\t<\/div>\n\t\t\t\t<\/div>\n\t\t<div class=\"elementor-element elementor-element-d0d77b8 e-flex e-con-boxed e-con e-parent\" data-id=\"d0d77b8\" data-element_type=\"container\">\n\t\t\t\t\t<div class=\"e-con-inner\">\n\t\t\t\t<div class=\"elementor-element elementor-element-d6083d8 elementor-widget elementor-widget-html\" data-id=\"d6083d8\" data-element_type=\"widget\" data-widget_type=\"html.default\">\n\t\t\t\t<div class=\"elementor-widget-container\">\n\t\t\t\t\t<div class=\"cky-audit-table-element\"><\/div>\t\t\t\t<\/div>\n\t\t\t\t<\/div>\n\t\t\t\t\t<\/div>\n\t\t\t\t<\/div>\n\t\t<div class=\"elementor-element elementor-element-8b0bbc5 e-flex e-con-boxed e-con e-parent\" data-id=\"8b0bbc5\" data-element_type=\"container\" id=\"config\">\n\t\t\t\t\t<div class=\"e-con-inner\">\n\t\t\t\t<div class=\"elementor-element elementor-element-751974d elementor-widget elementor-widget-text-editor\" data-id=\"751974d\" data-element_type=\"widget\" data-widget_type=\"text-editor.default\">\n\t\t\t\t<div class=\"elementor-widget-container\">\n\t\t\t\t\t\t\t\t\t<h5 style=\"margin-top: 0px; text-align: left;\">3. <span style=\"text-decoration: underline; text-decoration-color: #088F8F; text-decoration-thickness: 1px; text-underline-offset: 5px;\">Rechazo y revocaci\u00f3n del consentimiento<br \/><\/span><\/h5><p class=\"western\">La base jur\u00eddica que legitima el tratamiento de los datos obtenidos a trav\u00e9s de las cookies opcionales (en este caso, cookies de medici\u00f3n) es su consentimiento, que podr\u00e1 revocar en cualquier momento mediante el configurador de cookies o modificando la configuraci\u00f3n de su navegador.<\/p><h5>3.1. Configurador de cookies<\/h5><p class=\"western\">Puede utilizar la herramienta que se muestra a continuaci\u00f3n tanto para retirar su consentimiento al uso de cookies de medici\u00f3n, si lo hubiera otorgado previamente, como para aceptar su uso, si lo hubiera rechazado anteriormente:<\/p>\t\t\t\t\t\t\t\t<\/div>\n\t\t\t\t<\/div>\n\t\t\t\t<div class=\"elementor-element elementor-element-786459a elementor-widget elementor-widget-html\" data-id=\"786459a\" data-element_type=\"widget\" data-widget_type=\"html.default\">\n\t\t\t\t<div class=\"elementor-widget-container\">\n\t\t\t\t\t<a class=\"cky-banner-element\">Consent Preferences<\/a>\t\t\t\t<\/div>\n\t\t\t\t<\/div>\n\t\t\t\t<div class=\"elementor-element elementor-element-d32236a elementor-widget elementor-widget-text-editor\" data-id=\"d32236a\" data-element_type=\"widget\" data-widget_type=\"text-editor.default\">\n\t\t\t\t<div class=\"elementor-widget-container\">\n\t\t\t\t\t\t\t\t\t<h5 style=\"text-align: left;\">3.2. Eliminaci\u00f3n de cookies (configuraci\u00f3n de su navegador)<\/h5><p class=\"western\">En cualquier caso, le informamos de que puede eliminar, bloquear o deshabilitar las cookies en cualquier momento modificando la configuraci\u00f3n de su navegador, lo que le permitir\u00e1 rechazar la instalaci\u00f3n de todas las cookies o de algunas de ellas.<\/p><p class=\"western\">Si elimina todas las cookies a trav\u00e9s de su navegador, se borrar\u00e1n las cookies de nuestro Sitio Web y las opciones de configuraci\u00f3n que haya elegido sobre ellas (aceptaci\u00f3n, rechazo o revocaci\u00f3n de su uso), as\u00ed como las cookies de otros sitios web que haya visitado previamente.<\/p><p class=\"western\">En funci\u00f3n del tipo de navegador que Usted utilice, el procedimiento para la revocaci\u00f3n y eliminaci\u00f3n de las cookies puede variar, y podr\u00eda ser, a t\u00edtulo ilustrativo, alguno de los siguientes:<\/p><ul style=\"text-align: left; padding-left: 20px;\"><li><strong>Google Chrome:<\/strong> <a href=\"https:\/\/support.google.com\/chrome\/answer\/95647?hl=es\" target=\"_blank\" rel=\"noopener\">https:\/\/support.google.com\/chrome\/answer\/95647?hl=es<\/a><\/li><li><strong>Mozilla Firefox:<\/strong> <a href=\"http:\/\/support.mozilla.org\/es\/kb\/impedir-que-los-sitios-web-guarden-sus-preferencia\" target=\"_blank\" rel=\"noopener\">http:\/\/support.mozilla.org\/es\/kb\/impedir-que-los-sitios-web-guarden-sus-preferencia<\/a><\/li><li><strong>Internet Explorer:<\/strong> <a href=\"http:\/\/windows.microsoft.com\/es-es\/windows-vista\/block-or-allow-cookies\" target=\"_blank\" rel=\"noopener\">http:\/\/windows.microsoft.com\/es-es\/windows-vista\/block-or-allow-cookies<\/a><\/li><li><strong>Safari:<\/strong> <a href=\"https:\/\/support.apple.com\/es-es\/guide\/safari\/sfri11471\/16.0\/mac\/11.0\" target=\"_blank\" rel=\"noopener\">https:\/\/support.apple.com\/es-es\/guide\/safari\/sfri11471\/16.0\/mac\/11.0<\/a><\/li><li><strong>Safari para iOS (iPhone, iPad):<\/strong> <a href=\"https:\/\/support.apple.com\/es-es\/guide\/iphone\/iphb01fc3c85\/17.0\/ios\/17.0\" target=\"_blank\" rel=\"noopener\">https:\/\/support.apple.com\/es-es\/guide\/iphone\/iphb01fc3c85\/17.0\/ios\/17.0<\/a><\/li><li><strong>Opera:<\/strong> <a href=\"http:\/\/help.opera.com\/Windows\/12.00\/es-ES\/cookies.html\" target=\"_blank\" rel=\"noopener\">http:\/\/help.opera.com\/Windows\/12.00\/es-ES\/cookies.html<\/a><\/li><li>Otros navegadores: consulte la documentaci\u00f3n del navegador que tenga instalado.<\/li><\/ul>\t\t\t\t\t\t\t\t<\/div>\n\t\t\t\t<\/div>\n\t\t\t\t\t<\/div>\n\t\t\t\t<\/div>\n\t\t<div class=\"elementor-element elementor-element-028552a e-flex e-con-boxed e-con e-parent\" data-id=\"028552a\" data-element_type=\"container\">\n\t\t\t\t\t<div class=\"e-con-inner\">\n\t\t\t\t<div class=\"elementor-element elementor-element-ce4726f elementor-widget elementor-widget-text-editor\" data-id=\"ce4726f\" data-element_type=\"widget\" data-widget_type=\"text-editor.default\">\n\t\t\t\t<div class=\"elementor-widget-container\">\n\t\t\t\t\t\t\t\t\t<h5 style=\"margin-top: 0px; text-align: left;\">4. <span style=\"text-decoration: underline; text-decoration-color: #088F8F; text-decoration-thickness: 1px; text-underline-offset: 5px;\">Cambios en la pol\u00edtica de cookies<br \/><\/span><\/h5><p class=\"western\">Es posible que actualicemos la Pol\u00edtica de Cookies de nuestro Sitio Web. Por ello, le recomendamos revisar esta pol\u00edtica cada vez que acceda a nuestro Sitio Web con el objetivo de estar adecuadamente informado sobre c\u00f3mo y para qu\u00e9 usamos las cookies.<\/p><h5 style=\"margin-top: 0px; text-align: left;\">5. <span style=\"text-decoration: underline; text-decoration-color: #088F8F; text-decoration-thickness: 1px; text-underline-offset: 5px;\">Contacto<br \/><\/span><\/h5><p class=\"western\">Si tuviera alguna duda, comentario o sugerencia sobre la Pol\u00edtica de Cookies, puede contactarnos a trav\u00e9s de la siguiente direcci\u00f3n:<a href=\"mailto:info@shalevet.es\"> info@shalevet.es<\/a>.<\/p><p>Puede obtener informaci\u00f3n m\u00e1s detallada sobre el tratamiento de sus datos personales consultando nuestra <a href=\"https:\/\/www.shalevet.es\/privacy-policy-2\/\">Pol\u00edtica de Privacidad<\/a>.<\/p>\t\t\t\t\t\t\t\t<\/div>\n\t\t\t\t<\/div>\n\t\t\t\t\t<\/div>\n\t\t\t\t<\/div>\n\t\t\t\t<\/div>\n\t\t","protected":false},"excerpt":{"rendered":"<p>Pol\u00edtica de Cookies Esta Pol\u00edtica de Cookies es parte integrante de la Pol\u00edtica de Privacidad de www.shalevet.es (en adelante, el \u201cSitio Web\u201d). Nuestro Sitio Web utiliza cookies y tecnolog\u00edas similares con la finalidad de posibilitar el correcto funcionamiento de la p\u00e1gina web, facilitar su navegaci\u00f3n a trav\u00e9s de ella, y adicionalmente obtener informaci\u00f3n acerca del [&hellip;]<\/p>\n","protected":false},"author":1,"featured_media":0,"parent":0,"menu_order":0,"comment_status":"closed","ping_status":"closed","template":"","meta":{"_acf_changed":false,"site-sidebar-layout":"no-sidebar","site-content-layout":"page-builder","ast-site-content-layout":"full-width-container","site-content-style":"default","site-sidebar-style":"default","ast-global-header-display":"","ast-banner-title-visibility":"","ast-main-header-display":"","ast-hfb-above-header-display":"","ast-hfb-below-header-display":"","ast-hfb-mobile-header-display":"","site-post-title":"","ast-breadcrumbs-content":"","ast-featured-img":"disabled","footer-sml-layout":"","theme-transparent-header-meta":"default","adv-header-id-meta":"","stick-header-meta":"default","header-above-stick-meta":"","header-main-stick-meta":"","header-below-stick-meta":"","astra-migrate-meta-layouts":"set","ast-page-background-enabled":"default","ast-page-background-meta":{"desktop":{"background-color":"var(--ast-global-color-4)","background-image":"","background-repeat":"repeat","background-position":"center center","background-size":"auto","background-attachment":"scroll","background-type":"","background-media":"","overlay-type":"","overlay-color":"","overlay-opacity":"","overlay-gradient":""},"tablet":{"background-color":"","background-image":"","background-repeat":"repeat","background-position":"center center","background-size":"auto","background-attachment":"scroll","background-type":"","background-media":"","overlay-type":"","overlay-color":"","overlay-opacity":"","overlay-gradient":""},"mobile":{"background-color":"","background-image":"","background-repeat":"repeat","background-position":"center center","background-size":"auto","background-attachment":"scroll","background-type":"","background-media":"","overlay-type":"","overlay-color":"","overlay-opacity":"","overlay-gradient":""}},"ast-content-background-meta":{"desktop":{"background-color":"var(--ast-global-color-5)","background-image":"","background-repeat":"repeat","background-position":"center center","background-size":"auto","background-attachment":"scroll","background-type":"","background-media":"","overlay-type":"","overlay-color":"","overlay-opacity":"","overlay-gradient":""},"tablet":{"background-color":"var(--ast-global-color-5)","background-image":"","background-repeat":"repeat","background-position":"center center","background-size":"auto","background-attachment":"scroll","background-type":"","background-media":"","overlay-type":"","overlay-color":"","overlay-opacity":"","overlay-gradient":""},"mobile":{"background-color":"var(--ast-global-color-5)","background-image":"","background-repeat":"repeat","background-position":"center center","background-size":"auto","background-attachment":"scroll","background-type":"","background-media":"","overlay-type":"","overlay-color":"","overlay-opacity":"","overlay-gradient":""}},"footnotes":""},"class_list":["post-2198","page","type-page","status-publish","hentry"],"acf":[],"yoast_head":"<!-- This site is optimized with the Yoast SEO plugin v27.0 - https:\/\/yoast.com\/product\/yoast-seo-wordpress\/ -->\n<title>Cookies Policy -<\/title>\n<meta name=\"robots\" content=\"index, follow, max-snippet:-1, max-image-preview:large, max-video-preview:-1\" \/>\n<link rel=\"canonical\" href=\"https:\/\/www.shalevet.es\/es\/cookies-policy\/\" \/>\n<meta property=\"og:locale\" content=\"es_ES\" \/>\n<meta property=\"og:type\" content=\"article\" \/>\n<meta property=\"og:title\" content=\"Cookies Policy -\" \/>\n<meta property=\"og:description\" content=\"Pol\u00edtica de Cookies Esta Pol\u00edtica de Cookies es parte integrante de la Pol\u00edtica de Privacidad de www.shalevet.es (en adelante, el \u201cSitio Web\u201d). Nuestro Sitio Web utiliza cookies y tecnolog\u00edas similares con la finalidad de posibilitar el correcto funcionamiento de la p\u00e1gina web, facilitar su navegaci\u00f3n a trav\u00e9s de ella, y adicionalmente obtener informaci\u00f3n acerca del [&hellip;]\" \/>\n<meta property=\"og:url\" content=\"https:\/\/www.shalevet.es\/es\/cookies-policy\/\" \/>\n<meta property=\"article:modified_time\" content=\"2026-02-20T18:08:11+00:00\" \/>\n<meta name=\"twitter:card\" content=\"summary_large_image\" \/>\n<meta name=\"twitter:label1\" content=\"Tiempo de lectura\" \/>\n\t<meta name=\"twitter:data1\" content=\"4 minutos\" \/>\n<script type=\"application\/ld+json\" class=\"yoast-schema-graph\">{\"@context\":\"https:\/\/schema.org\",\"@graph\":[{\"@type\":\"WebPage\",\"@id\":\"https:\/\/www.shalevet.es\/es\/cookies-policy\/\",\"url\":\"https:\/\/www.shalevet.es\/es\/cookies-policy\/\",\"name\":\"Cookies Policy -\",\"isPartOf\":{\"@id\":\"https:\/\/www.shalevet.es\/es\/#website\"},\"datePublished\":\"2025-12-06T09:28:07+00:00\",\"dateModified\":\"2026-02-20T18:08:11+00:00\",\"breadcrumb\":{\"@id\":\"https:\/\/www.shalevet.es\/es\/cookies-policy\/#breadcrumb\"},\"inLanguage\":\"es\",\"potentialAction\":[{\"@type\":\"ReadAction\",\"target\":[\"https:\/\/www.shalevet.es\/es\/cookies-policy\/\"]}]},{\"@type\":\"BreadcrumbList\",\"@id\":\"https:\/\/www.shalevet.es\/es\/cookies-policy\/#breadcrumb\",\"itemListElement\":[{\"@type\":\"ListItem\",\"position\":1,\"name\":\"Portada\",\"item\":\"https:\/\/www.shalevet.es\/es\/\"},{\"@type\":\"ListItem\",\"position\":2,\"name\":\"Cookies Policy\"}]},{\"@type\":\"WebSite\",\"@id\":\"https:\/\/www.shalevet.es\/es\/#website\",\"url\":\"https:\/\/www.shalevet.es\/es\/\",\"name\":\"Shalevet\",\"description\":\"\",\"publisher\":{\"@id\":\"https:\/\/www.shalevet.es\/es\/#organization\"},\"potentialAction\":[{\"@type\":\"SearchAction\",\"target\":{\"@type\":\"EntryPoint\",\"urlTemplate\":\"https:\/\/www.shalevet.es\/es\/?s={search_term_string}\"},\"query-input\":{\"@type\":\"PropertyValueSpecification\",\"valueRequired\":true,\"valueName\":\"search_term_string\"}}],\"inLanguage\":\"es\"},{\"@type\":\"Organization\",\"@id\":\"https:\/\/www.shalevet.es\/es\/#organization\",\"name\":\"Shalevet\",\"url\":\"https:\/\/www.shalevet.es\/es\/\",\"logo\":{\"@type\":\"ImageObject\",\"inLanguage\":\"es\",\"@id\":\"https:\/\/www.shalevet.es\/es\/#\/schema\/logo\/image\/\",\"url\":\"https:\/\/www.shalevet.es\/es\/wp-content\/uploads\/2024\/09\/SHALEVET_logo-removebg-preview.png\",\"contentUrl\":\"https:\/\/www.shalevet.es\/es\/wp-content\/uploads\/2024\/09\/SHALEVET_logo-removebg-preview.png\",\"width\":446,\"height\":298,\"caption\":\"Shalevet\"},\"image\":{\"@id\":\"https:\/\/www.shalevet.es\/es\/#\/schema\/logo\/image\/\"}}]}<\/script>\n<!-- \/ Yoast SEO plugin. -->","yoast_head_json":{"title":"Cookies Policy -","robots":{"index":"index","follow":"follow","max-snippet":"max-snippet:-1","max-image-preview":"max-image-preview:large","max-video-preview":"max-video-preview:-1"},"canonical":"https:\/\/www.shalevet.es\/es\/cookies-policy\/","og_locale":"es_ES","og_type":"article","og_title":"Cookies Policy -","og_description":"Pol\u00edtica de Cookies Esta Pol\u00edtica de Cookies es parte integrante de la Pol\u00edtica de Privacidad de www.shalevet.es (en adelante, el \u201cSitio Web\u201d). Nuestro Sitio Web utiliza cookies y tecnolog\u00edas similares con la finalidad de posibilitar el correcto funcionamiento de la p\u00e1gina web, facilitar su navegaci\u00f3n a trav\u00e9s de ella, y adicionalmente obtener informaci\u00f3n acerca del [&hellip;]","og_url":"https:\/\/www.shalevet.es\/es\/cookies-policy\/","article_modified_time":"2026-02-20T18:08:11+00:00","twitter_card":"summary_large_image","twitter_misc":{"Tiempo de lectura":"4 minutos"},"schema":{"@context":"https:\/\/schema.org","@graph":[{"@type":"WebPage","@id":"https:\/\/www.shalevet.es\/es\/cookies-policy\/","url":"https:\/\/www.shalevet.es\/es\/cookies-policy\/","name":"Cookies Policy -","isPartOf":{"@id":"https:\/\/www.shalevet.es\/es\/#website"},"datePublished":"2025-12-06T09:28:07+00:00","dateModified":"2026-02-20T18:08:11+00:00","breadcrumb":{"@id":"https:\/\/www.shalevet.es\/es\/cookies-policy\/#breadcrumb"},"inLanguage":"es","potentialAction":[{"@type":"ReadAction","target":["https:\/\/www.shalevet.es\/es\/cookies-policy\/"]}]},{"@type":"BreadcrumbList","@id":"https:\/\/www.shalevet.es\/es\/cookies-policy\/#breadcrumb","itemListElement":[{"@type":"ListItem","position":1,"name":"Portada","item":"https:\/\/www.shalevet.es\/es\/"},{"@type":"ListItem","position":2,"name":"Cookies Policy"}]},{"@type":"WebSite","@id":"https:\/\/www.shalevet.es\/es\/#website","url":"https:\/\/www.shalevet.es\/es\/","name":"Shalevet","description":"","publisher":{"@id":"https:\/\/www.shalevet.es\/es\/#organization"},"potentialAction":[{"@type":"SearchAction","target":{"@type":"EntryPoint","urlTemplate":"https:\/\/www.shalevet.es\/es\/?s={search_term_string}"},"query-input":{"@type":"PropertyValueSpecification","valueRequired":true,"valueName":"search_term_string"}}],"inLanguage":"es"},{"@type":"Organization","@id":"https:\/\/www.shalevet.es\/es\/#organization","name":"Shalevet","url":"https:\/\/www.shalevet.es\/es\/","logo":{"@type":"ImageObject","inLanguage":"es","@id":"https:\/\/www.shalevet.es\/es\/#\/schema\/logo\/image\/","url":"https:\/\/www.shalevet.es\/es\/wp-content\/uploads\/2024\/09\/SHALEVET_logo-removebg-preview.png","contentUrl":"https:\/\/www.shalevet.es\/es\/wp-content\/uploads\/2024\/09\/SHALEVET_logo-removebg-preview.png","width":446,"height":298,"caption":"Shalevet"},"image":{"@id":"https:\/\/www.shalevet.es\/es\/#\/schema\/logo\/image\/"}}]}},"_links":{"self":[{"href":"https:\/\/www.shalevet.es\/es\/wp-json\/wp\/v2\/pages\/2198","targetHints":{"allow":["GET"]}}],"collection":[{"href":"https:\/\/www.shalevet.es\/es\/wp-json\/wp\/v2\/pages"}],"about":[{"href":"https:\/\/www.shalevet.es\/es\/wp-json\/wp\/v2\/types\/page"}],"author":[{"embeddable":true,"href":"https:\/\/www.shalevet.es\/es\/wp-json\/wp\/v2\/users\/1"}],"replies":[{"embeddable":true,"href":"https:\/\/www.shalevet.es\/es\/wp-json\/wp\/v2\/comments?post=2198"}],"version-history":[{"count":5,"href":"https:\/\/www.shalevet.es\/es\/wp-json\/wp\/v2\/pages\/2198\/revisions"}],"predecessor-version":[{"id":8277,"href":"https:\/\/www.shalevet.es\/es\/wp-json\/wp\/v2\/pages\/2198\/revisions\/8277"}],"wp:attachment":[{"href":"https:\/\/www.shalevet.es\/es\/wp-json\/wp\/v2\/media?parent=2198"}],"curies":[{"name":"wp","href":"https:\/\/api.w.org\/{rel}","templated":true}]}}