{"id":418,"date":"2024-09-02T19:59:01","date_gmt":"2024-09-02T19:59:01","guid":{"rendered":"https:\/\/html.foduu.com\/shalevet\/\/?page_id=418"},"modified":"2026-01-14T10:26:50","modified_gmt":"2026-01-14T10:26:50","slug":"madrid","status":"publish","type":"page","link":"https:\/\/www.shalevet.es\/es\/madrid\/","title":{"rendered":"Madrid"},"content":{"rendered":"\t\t<div data-elementor-type=\"wp-page\" data-elementor-id=\"418\" class=\"elementor elementor-418\" data-elementor-post-type=\"page\">\n\t\t\t\t<div class=\"elementor-element elementor-element-e4b7db5 e-con-full animated-slow e-flex e-con e-parent\" data-id=\"e4b7db5\" data-element_type=\"container\" data-settings=\"{&quot;background_background&quot;:&quot;classic&quot;,&quot;animation&quot;:&quot;none&quot;}\">\n\t\t<div class=\"elementor-element elementor-element-4ef1ba1 e-con-full e-flex e-con e-child\" data-id=\"4ef1ba1\" data-element_type=\"container\">\n\t\t\t\t<div class=\"elementor-element elementor-element-71d15e5 elementor-widget__width-initial elementor-widget elementor-widget-heading\" data-id=\"71d15e5\" data-element_type=\"widget\" data-widget_type=\"heading.default\">\n\t\t\t\t<div class=\"elementor-widget-container\">\n\t\t\t\t\t<p class=\"elementor-heading-title elementor-size-default\">Madrid<\/p>\t\t\t\t<\/div>\n\t\t\t\t<\/div>\n\t\t\t\t<\/div>\n\t\t\t\t<\/div>\n\t\t<div class=\"elementor-element elementor-element-bb70913 e-flex e-con-boxed e-con e-parent\" data-id=\"bb70913\" data-element_type=\"container\">\n\t\t\t\t\t<div class=\"e-con-inner\">\n\t\t<div class=\"elementor-element elementor-element-9217b93 e-con-full e-flex e-con e-child\" data-id=\"9217b93\" data-element_type=\"container\">\n\t\t\t\t<div class=\"elementor-element elementor-element-83fbc7e elementor-widget elementor-widget-image\" data-id=\"83fbc7e\" data-element_type=\"widget\" data-widget_type=\"image.default\">\n\t\t\t\t<div class=\"elementor-widget-container\">\n\t\t\t\t\t\t\t\t\t\t\t\t\t\t\t<img loading=\"lazy\" decoding=\"async\" width=\"1947\" height=\"1390\" src=\"https:\/\/www.shalevet.es\/es\/wp-content\/uploads\/2026\/01\/Hilla-Shie-Levy.jpg\" class=\"attachment-full size-full wp-image-4353\" alt=\"\" srcset=\"https:\/\/www.shalevet.es\/es\/wp-content\/uploads\/2026\/01\/Hilla-Shie-Levy.jpg 1947w, https:\/\/www.shalevet.es\/es\/wp-content\/uploads\/2026\/01\/Hilla-Shie-Levy-300x214.jpg 300w, https:\/\/www.shalevet.es\/es\/wp-content\/uploads\/2026\/01\/Hilla-Shie-Levy-1024x731.jpg 1024w, https:\/\/www.shalevet.es\/es\/wp-content\/uploads\/2026\/01\/Hilla-Shie-Levy-768x548.jpg 768w, https:\/\/www.shalevet.es\/es\/wp-content\/uploads\/2026\/01\/Hilla-Shie-Levy-1536x1097.jpg 1536w\" sizes=\"auto, (max-width: 1947px) 100vw, 1947px\" \/>\t\t\t\t\t\t\t\t\t\t\t\t\t\t\t<\/div>\n\t\t\t\t<\/div>\n\t\t\t\t<div class=\"elementor-element elementor-element-3abd3d4 elementor-widget elementor-widget-heading\" data-id=\"3abd3d4\" data-element_type=\"widget\" data-widget_type=\"heading.default\">\n\t\t\t\t<div class=\"elementor-widget-container\">\n\t\t\t\t\t<h5 class=\"elementor-heading-title elementor-size-default\">Hilla Shie Levy<\/h5>\t\t\t\t<\/div>\n\t\t\t\t<\/div>\n\t\t\t\t<div class=\"elementor-element elementor-element-05b6542 elementor-widget elementor-widget-text-editor\" data-id=\"05b6542\" data-element_type=\"widget\" data-widget_type=\"text-editor.default\">\n\t\t\t\t<div class=\"elementor-widget-container\">\n\t\t\t\t\t\t\t\t\t<p class=\"western\">Hilla Shie Levy es miembro del Colegio de Abogados de Israel desde 2001 y del Ilustre Colegio de Abogados de Madrid (ICAM) desde 2013.<\/p><p class=\"western\">Inici\u00f3 su carrera profesional en el coraz\u00f3n de la metr\u00f3polis empresarial de Tel Aviv (Israel), donde trabaj\u00f3 en el despacho internacional Rosenberg, Keren Polak &amp; Co., Advocates (hoy Rosenberg Schneller, Advocates), asesorando en materia de derecho societario y mercantil, regulaci\u00f3n de valores en el mercado de capitales, fiscalidad internacional, contratos, fideicomisos (trusts) y sucesiones. Tambi\u00e9n prest\u00f3 asistencia jur\u00eddica en negociaciones extrajudiciales y en procedimientos civiles y mercantiles ante los tribunales israel\u00edes.<\/p><p class=\"western\">En 2006, se incorpor\u00f3 al reconocido despacho Cremades &amp; Calvo-Sotelo en Madrid, el cual le concedi\u00f3 una beca completa para cursar el M\u00e1ster en Derecho y Negocio de las Telecomunicaciones, Internet y Audiovisual impartido en el Instituto de Estudios Burs\u00e1tiles (IEB) (Menci\u00f3n de Honor). En dicha firma, aplicando sus conocimientos en los sistemas jur\u00eddicos de Espa\u00f1a e Israel, asesoraba, durante m\u00e1s de 16 a\u00f1os, a personas f\u00edsicas y jur\u00eddicas con relaci\u00f3n a sus negocios e intereses en dichos pa\u00edses.<\/p><p class=\"western\">Entre otras materias, prestaba asesor\u00eda jur\u00eddica respecto a diversos aspectos del derecho mercantil y empresarial espa\u00f1ol, incluyendo la constituci\u00f3n, compraventa y disoluci\u00f3n de sociedades, contratos y diversas operaciones propias de la actividad empresarial. Asimismo, asesoraba a clientes en materia civil, mercantil y administrativa, incluyendo licitaciones p\u00fablicas, procedimientos judiciales y negociaciones extrajudiciales en Espa\u00f1a. En el \u00e1mbito del arbitraje, prestaba asesoramiento en asuntos conocidos por la Corte de Arbitraje de la C\u00e1mara de Comercio Internacional (CCI).<\/p><p class=\"western\">Desde hace muchos a\u00f1os, imparte conferencias en Espa\u00f1a, Israel y Estados Unidos sobre diversos temas jur\u00eddicos de inter\u00e9s en los que ha trabajado. Adem\u00e1s, ha desempe\u00f1ado un papel fundamental en el Comit\u00e9 de \u201cRelaciones Internacionales \u2013 Pa\u00edses de Habla Hispana\u201d del Colegio de Abogados de Israel, promoviendo la colaboraci\u00f3n entre los Colegios de Abogados de Madrid e Israel.<\/p><p class=\"western\">En Shalevet Abogados, dirige la pr\u00e1ctica jur\u00eddica de la oficina en Madrid, aportando su amplia experiencia en diversos campos del derecho y ayudando a los clientes a operar en los mercados israel\u00ed y espa\u00f1ol, aprovechar sinergias y superar desaf\u00edos en una econom\u00eda globalizada.<\/p><p class=\"western\">Presta sus servicios en ingl\u00e9s, espa\u00f1ol, hebreo y franc\u00e9s.<\/p>\t\t\t\t\t\t\t\t<\/div>\n\t\t\t\t<\/div>\n\t\t\t\t<div class=\"elementor-element elementor-element-47e862b elementor-widget elementor-widget-text-editor\" data-id=\"47e862b\" data-element_type=\"widget\" data-widget_type=\"text-editor.default\">\n\t\t\t\t<div class=\"elementor-widget-container\">\n\t\t\t\t\t\t\t\t\t<h5 style=\"text-align: left;\">Formaci\u00f3n<\/h5><p>M\u00e1ster en Derecho (LL.M.), Derecho y Negocio de las Telecomunicaciones, Internet y Audiovisual, Instituto de Estudios Burs\u00e1tiles (IEB), Espa\u00f1a (Menci\u00f3n de Honor, 2007);<\/p><p>Licenciatura en Derecho (LL.B.), Universidad Bar Ilan, Israel (2000).<\/p>\t\t\t\t\t\t\t\t<\/div>\n\t\t\t\t<\/div>\n\t\t\t\t<\/div>\n\t\t<div class=\"elementor-element elementor-element-66d6489 e-con-full e-flex e-con e-child\" data-id=\"66d6489\" data-element_type=\"container\" data-settings=\"{&quot;background_background&quot;:&quot;classic&quot;}\">\n\t\t\t\t<div class=\"elementor-element elementor-element-cb96c6a elementor-widget elementor-widget-image\" data-id=\"cb96c6a\" data-element_type=\"widget\" data-widget_type=\"image.default\">\n\t\t\t\t<div class=\"elementor-widget-container\">\n\t\t\t\t\t\t\t\t\t\t\t\t\t\t\t<img loading=\"lazy\" decoding=\"async\" width=\"255\" height=\"255\" src=\"https:\/\/www.shalevet.es\/es\/wp-content\/uploads\/2026\/01\/Manuel-Sanchez-Alvarez-1.png\" class=\"attachment-full size-full wp-image-6961\" alt=\"\" srcset=\"https:\/\/www.shalevet.es\/es\/wp-content\/uploads\/2026\/01\/Manuel-Sanchez-Alvarez-1.png 255w, https:\/\/www.shalevet.es\/es\/wp-content\/uploads\/2026\/01\/Manuel-Sanchez-Alvarez-1-150x150.png 150w\" sizes=\"auto, (max-width: 255px) 100vw, 255px\" \/>\t\t\t\t\t\t\t\t\t\t\t\t\t\t\t<\/div>\n\t\t\t\t<\/div>\n\t\t\t\t<div class=\"elementor-element elementor-element-e716fdb elementor-widget elementor-widget-heading\" data-id=\"e716fdb\" data-element_type=\"widget\" data-widget_type=\"heading.default\">\n\t\t\t\t<div class=\"elementor-widget-container\">\n\t\t\t\t\t<h5 class=\"elementor-heading-title elementor-size-default\">Manuel M\u00aa S\u00e1nchez \u00c1lvarez (Magistrado)<\/h5>\t\t\t\t<\/div>\n\t\t\t\t<\/div>\n\t\t\t\t<div class=\"elementor-element elementor-element-c93e2c6 elementor-widget elementor-widget-text-editor\" data-id=\"c93e2c6\" data-element_type=\"widget\" data-widget_type=\"text-editor.default\">\n\t\t\t\t<div class=\"elementor-widget-container\">\n\t\t\t\t\t\t\t\t\t<p class=\"western\">Manuel M\u00aa S\u00e1nchez \u00c1lvarez ha ejercido como Magistrado del Poder Judicial espa\u00f1ol desde 1986, acumulando una s\u00f3lida experiencia en la resoluci\u00f3n y supervisi\u00f3n de asuntos mercantiles, civiles y penales. Entre 1993 y 1997, ocup\u00f3 el cargo de Secretario General del S\u00edndic de Greuges (Defensor del Pueblo) de la Generalitat Valenciana, contribuyendo significativamente a la protecci\u00f3n institucional de los derechos de los ciudadanos.<\/p><p class=\"western\">De 2001 a 2025 aport\u00f3 su s\u00f3lida experiencia judicial a su labor profesional como abogado en el departamento de Derecho Mercantil y Societario del prestigioso despacho espa\u00f1ol Garrigues. Durante m\u00e1s de dos d\u00e9cadas, asesor\u00f3 en dicha firma a empresas, inversores y grupos empresariales en asuntos corporativos y mercantiles complejos, en \u00e1reas como el derecho concursal nacional e internacional, reestructuraciones y refinanciaciones, fusiones y adquisiciones (M&amp;A), contrataci\u00f3n mercantil, gobierno corporativo y derecho financiero y del mercado de valores, entre otras. Asimismo, intervino en numerosos procedimientos de litigio y derecho procesal mercantil, civil, administrativo y constitucional, aportando una perspectiva \u00fanica derivada de su doble condici\u00f3n de magistrado y profesional del derecho.<\/p><p class=\"western\">En paralelo, ha desarrollado una trayectoria acad\u00e9mica reconocida. Desde 2000, y durante m\u00e1s de dos d\u00e9cadas, es profesor de Derecho Mercantil en la Universidad de Las Palmas de Gran Canaria y, desde 1992, se ha dedicado a la investigaci\u00f3n en sus \u00e1reas de especializaci\u00f3n, publicando un extenso conjunto de trabajos que incluye m\u00e1s de 35 art\u00edculos en revistas especializadas y 145 contribuciones a obras colectivas, adem\u00e1s de coordinar diversas publicaciones colectivas. En 2007 fue nombrado miembro acad\u00e9mico del European Corporate Governance Institute (ECGI) en Bruselas, instituci\u00f3n internacional de referencia en materia de gobierno corporativo.<\/p><p class=\"western\">Adem\u00e1s de su labor jur\u00eddica y judicial, es doctor en Derecho Mercantil y ha realizado estudios avanzados de Filolog\u00eda Cl\u00e1sica en la Universidad Aut\u00f3noma de Madrid, as\u00ed como de Historia del Arte en la UNED, lo que refleja su amplia perspectiva intelectual y human\u00edstica.<\/p><p class=\"western\">Presta sus servicios a clientes en espa\u00f1ol e ingl\u00e9s.<\/p>\t\t\t\t\t\t\t\t<\/div>\n\t\t\t\t<\/div>\n\t\t\t\t<div class=\"elementor-element elementor-element-efb9439 elementor-widget elementor-widget-text-editor\" data-id=\"efb9439\" data-element_type=\"widget\" data-widget_type=\"text-editor.default\">\n\t\t\t\t<div class=\"elementor-widget-container\">\n\t\t\t\t\t\t\t\t\t<div style=\"text-align: left;\"><h5 style=\"text-align: left;\">Formaci\u00f3n<\/h5><p>Doctorado, Derecho mercantil, UA &#8211; Universidad de Alicante \/ Universitat d&#8217;Alacant;<br \/>Licenciatura en Derecho, Universidad de La Laguna;<br \/>Estudios Cl\u00e1sicos y de la Antig\u00fcedad, Filolog\u00eda Cl\u00e1sica, Universidad Aut\u00f3noma de Madrid;<br \/>Historia del Arte, Art History, Criticism and Conservation, Universidad Nacional de Educaci\u00f3n a Distancia (UNED) (2019-2023).<\/p><\/div>\t\t\t\t\t\t\t\t<\/div>\n\t\t\t\t<\/div>\n\t\t\t\t<\/div>\n\t\t\t\t\t<\/div>\n\t\t\t\t<\/div>\n\t\t\t\t<\/div>\n\t\t","protected":false},"excerpt":{"rendered":"<p>Madrid Hilla Shie Levy Hilla Shie Levy es miembro del Colegio de Abogados de Israel desde 2001 y del Ilustre Colegio de Abogados de Madrid (ICAM) desde 2013. Inici\u00f3 su carrera profesional en el coraz\u00f3n de la metr\u00f3polis empresarial de Tel Aviv (Israel), donde trabaj\u00f3 en el despacho internacional Rosenberg, Keren Polak &amp; Co., Advocates [&hellip;]<\/p>\n","protected":false},"author":1,"featured_media":0,"parent":0,"menu_order":0,"comment_status":"closed","ping_status":"closed","template":"","meta":{"_acf_changed":false,"site-sidebar-layout":"no-sidebar","site-content-layout":"page-builder","ast-site-content-layout":"full-width-container","site-content-style":"default","site-sidebar-style":"default","ast-global-header-display":"","ast-banner-title-visibility":"","ast-main-header-display":"","ast-hfb-above-header-display":"","ast-hfb-below-header-display":"","ast-hfb-mobile-header-display":"","site-post-title":"disabled","ast-breadcrumbs-content":"","ast-featured-img":"disabled","footer-sml-layout":"","theme-transparent-header-meta":"","adv-header-id-meta":"","stick-header-meta":"","header-above-stick-meta":"","header-main-stick-meta":"","header-below-stick-meta":"","astra-migrate-meta-layouts":"default","ast-page-background-enabled":"default","ast-page-background-meta":{"desktop":{"background-color":"var(--ast-global-color-4)","background-image":"","background-repeat":"repeat","background-position":"center center","background-size":"auto","background-attachment":"scroll","background-type":"","background-media":"","overlay-type":"","overlay-color":"","overlay-opacity":"","overlay-gradient":""},"tablet":{"background-color":"","background-image":"","background-repeat":"repeat","background-position":"center center","background-size":"auto","background-attachment":"scroll","background-type":"","background-media":"","overlay-type":"","overlay-color":"","overlay-opacity":"","overlay-gradient":""},"mobile":{"background-color":"","background-image":"","background-repeat":"repeat","background-position":"center center","background-size":"auto","background-attachment":"scroll","background-type":"","background-media":"","overlay-type":"","overlay-color":"","overlay-opacity":"","overlay-gradient":""}},"ast-content-background-meta":{"desktop":{"background-color":"var(--ast-global-color-5)","background-image":"","background-repeat":"repeat","background-position":"center center","background-size":"auto","background-attachment":"scroll","background-type":"","background-media":"","overlay-type":"","overlay-color":"","overlay-opacity":"","overlay-gradient":""},"tablet":{"background-color":"var(--ast-global-color-5)","background-image":"","background-repeat":"repeat","background-position":"center center","background-size":"auto","background-attachment":"scroll","background-type":"","background-media":"","overlay-type":"","overlay-color":"","overlay-opacity":"","overlay-gradient":""},"mobile":{"background-color":"var(--ast-global-color-5)","background-image":"","background-repeat":"repeat","background-position":"center center","background-size":"auto","background-attachment":"scroll","background-type":"","background-media":"","overlay-type":"","overlay-color":"","overlay-opacity":"","overlay-gradient":""}},"footnotes":""},"class_list":["post-418","page","type-page","status-publish","hentry"],"acf":[],"yoast_head":"<!-- This site is optimized with the Yoast SEO plugin v27.0 - https:\/\/yoast.com\/product\/yoast-seo-wordpress\/ -->\n<title>Madrid -<\/title>\n<meta name=\"robots\" content=\"index, follow, max-snippet:-1, max-image-preview:large, max-video-preview:-1\" \/>\n<link rel=\"canonical\" href=\"https:\/\/www.shalevet.es\/es\/madrid\/\" \/>\n<meta property=\"og:locale\" content=\"es_ES\" \/>\n<meta property=\"og:type\" content=\"article\" \/>\n<meta property=\"og:title\" content=\"Madrid -\" \/>\n<meta property=\"og:description\" content=\"Madrid Hilla Shie Levy Hilla Shie Levy es miembro del Colegio de Abogados de Israel desde 2001 y del Ilustre Colegio de Abogados de Madrid (ICAM) desde 2013. Inici\u00f3 su carrera profesional en el coraz\u00f3n de la metr\u00f3polis empresarial de Tel Aviv (Israel), donde trabaj\u00f3 en el despacho internacional Rosenberg, Keren Polak &amp; Co., Advocates [&hellip;]\" \/>\n<meta property=\"og:url\" content=\"https:\/\/www.shalevet.es\/es\/madrid\/\" \/>\n<meta property=\"article:modified_time\" content=\"2026-01-14T10:26:50+00:00\" \/>\n<meta property=\"og:image\" content=\"https:\/\/www.shalevet.es\/es\/wp-content\/uploads\/2026\/01\/Hilla-Shie-Levy.jpg\" \/>\n\t<meta property=\"og:image:width\" content=\"1947\" \/>\n\t<meta property=\"og:image:height\" content=\"1390\" \/>\n\t<meta property=\"og:image:type\" content=\"image\/jpeg\" \/>\n<meta name=\"twitter:card\" content=\"summary_large_image\" \/>\n<meta name=\"twitter:label1\" content=\"Tiempo de lectura\" \/>\n\t<meta name=\"twitter:data1\" content=\"4 minutos\" \/>\n<script type=\"application\/ld+json\" class=\"yoast-schema-graph\">{\"@context\":\"https:\/\/schema.org\",\"@graph\":[{\"@type\":\"WebPage\",\"@id\":\"https:\/\/www.shalevet.es\/es\/madrid\/\",\"url\":\"https:\/\/www.shalevet.es\/es\/madrid\/\",\"name\":\"Madrid -\",\"isPartOf\":{\"@id\":\"https:\/\/www.shalevet.es\/es\/#website\"},\"primaryImageOfPage\":{\"@id\":\"https:\/\/www.shalevet.es\/es\/madrid\/#primaryimage\"},\"image\":{\"@id\":\"https:\/\/www.shalevet.es\/es\/madrid\/#primaryimage\"},\"thumbnailUrl\":\"https:\/\/www.shalevet.es\/es\/wp-content\/uploads\/2026\/01\/Hilla-Shie-Levy.jpg\",\"datePublished\":\"2024-09-02T19:59:01+00:00\",\"dateModified\":\"2026-01-14T10:26:50+00:00\",\"breadcrumb\":{\"@id\":\"https:\/\/www.shalevet.es\/es\/madrid\/#breadcrumb\"},\"inLanguage\":\"es\",\"potentialAction\":[{\"@type\":\"ReadAction\",\"target\":[\"https:\/\/www.shalevet.es\/es\/madrid\/\"]}]},{\"@type\":\"ImageObject\",\"inLanguage\":\"es\",\"@id\":\"https:\/\/www.shalevet.es\/es\/madrid\/#primaryimage\",\"url\":\"https:\/\/www.shalevet.es\/es\/wp-content\/uploads\/2026\/01\/Hilla-Shie-Levy.jpg\",\"contentUrl\":\"https:\/\/www.shalevet.es\/es\/wp-content\/uploads\/2026\/01\/Hilla-Shie-Levy.jpg\",\"width\":1947,\"height\":1390},{\"@type\":\"BreadcrumbList\",\"@id\":\"https:\/\/www.shalevet.es\/es\/madrid\/#breadcrumb\",\"itemListElement\":[{\"@type\":\"ListItem\",\"position\":1,\"name\":\"Portada\",\"item\":\"https:\/\/www.shalevet.es\/es\/\"},{\"@type\":\"ListItem\",\"position\":2,\"name\":\"Madrid\"}]},{\"@type\":\"WebSite\",\"@id\":\"https:\/\/www.shalevet.es\/es\/#website\",\"url\":\"https:\/\/www.shalevet.es\/es\/\",\"name\":\"Shalevet\",\"description\":\"\",\"publisher\":{\"@id\":\"https:\/\/www.shalevet.es\/es\/#organization\"},\"potentialAction\":[{\"@type\":\"SearchAction\",\"target\":{\"@type\":\"EntryPoint\",\"urlTemplate\":\"https:\/\/www.shalevet.es\/es\/?s={search_term_string}\"},\"query-input\":{\"@type\":\"PropertyValueSpecification\",\"valueRequired\":true,\"valueName\":\"search_term_string\"}}],\"inLanguage\":\"es\"},{\"@type\":\"Organization\",\"@id\":\"https:\/\/www.shalevet.es\/es\/#organization\",\"name\":\"Shalevet\",\"url\":\"https:\/\/www.shalevet.es\/es\/\",\"logo\":{\"@type\":\"ImageObject\",\"inLanguage\":\"es\",\"@id\":\"https:\/\/www.shalevet.es\/es\/#\/schema\/logo\/image\/\",\"url\":\"https:\/\/www.shalevet.es\/es\/wp-content\/uploads\/2024\/09\/SHALEVET_logo-removebg-preview.png\",\"contentUrl\":\"https:\/\/www.shalevet.es\/es\/wp-content\/uploads\/2024\/09\/SHALEVET_logo-removebg-preview.png\",\"width\":446,\"height\":298,\"caption\":\"Shalevet\"},\"image\":{\"@id\":\"https:\/\/www.shalevet.es\/es\/#\/schema\/logo\/image\/\"}}]}<\/script>\n<!-- \/ Yoast SEO plugin. -->","yoast_head_json":{"title":"Madrid -","robots":{"index":"index","follow":"follow","max-snippet":"max-snippet:-1","max-image-preview":"max-image-preview:large","max-video-preview":"max-video-preview:-1"},"canonical":"https:\/\/www.shalevet.es\/es\/madrid\/","og_locale":"es_ES","og_type":"article","og_title":"Madrid -","og_description":"Madrid Hilla Shie Levy Hilla Shie Levy es miembro del Colegio de Abogados de Israel desde 2001 y del Ilustre Colegio de Abogados de Madrid (ICAM) desde 2013. Inici\u00f3 su carrera profesional en el coraz\u00f3n de la metr\u00f3polis empresarial de Tel Aviv (Israel), donde trabaj\u00f3 en el despacho internacional Rosenberg, Keren Polak &amp; Co., Advocates [&hellip;]","og_url":"https:\/\/www.shalevet.es\/es\/madrid\/","article_modified_time":"2026-01-14T10:26:50+00:00","og_image":[{"width":1947,"height":1390,"url":"https:\/\/www.shalevet.es\/es\/wp-content\/uploads\/2026\/01\/Hilla-Shie-Levy.jpg","type":"image\/jpeg"}],"twitter_card":"summary_large_image","twitter_misc":{"Tiempo de lectura":"4 minutos"},"schema":{"@context":"https:\/\/schema.org","@graph":[{"@type":"WebPage","@id":"https:\/\/www.shalevet.es\/es\/madrid\/","url":"https:\/\/www.shalevet.es\/es\/madrid\/","name":"Madrid -","isPartOf":{"@id":"https:\/\/www.shalevet.es\/es\/#website"},"primaryImageOfPage":{"@id":"https:\/\/www.shalevet.es\/es\/madrid\/#primaryimage"},"image":{"@id":"https:\/\/www.shalevet.es\/es\/madrid\/#primaryimage"},"thumbnailUrl":"https:\/\/www.shalevet.es\/es\/wp-content\/uploads\/2026\/01\/Hilla-Shie-Levy.jpg","datePublished":"2024-09-02T19:59:01+00:00","dateModified":"2026-01-14T10:26:50+00:00","breadcrumb":{"@id":"https:\/\/www.shalevet.es\/es\/madrid\/#breadcrumb"},"inLanguage":"es","potentialAction":[{"@type":"ReadAction","target":["https:\/\/www.shalevet.es\/es\/madrid\/"]}]},{"@type":"ImageObject","inLanguage":"es","@id":"https:\/\/www.shalevet.es\/es\/madrid\/#primaryimage","url":"https:\/\/www.shalevet.es\/es\/wp-content\/uploads\/2026\/01\/Hilla-Shie-Levy.jpg","contentUrl":"https:\/\/www.shalevet.es\/es\/wp-content\/uploads\/2026\/01\/Hilla-Shie-Levy.jpg","width":1947,"height":1390},{"@type":"BreadcrumbList","@id":"https:\/\/www.shalevet.es\/es\/madrid\/#breadcrumb","itemListElement":[{"@type":"ListItem","position":1,"name":"Portada","item":"https:\/\/www.shalevet.es\/es\/"},{"@type":"ListItem","position":2,"name":"Madrid"}]},{"@type":"WebSite","@id":"https:\/\/www.shalevet.es\/es\/#website","url":"https:\/\/www.shalevet.es\/es\/","name":"Shalevet","description":"","publisher":{"@id":"https:\/\/www.shalevet.es\/es\/#organization"},"potentialAction":[{"@type":"SearchAction","target":{"@type":"EntryPoint","urlTemplate":"https:\/\/www.shalevet.es\/es\/?s={search_term_string}"},"query-input":{"@type":"PropertyValueSpecification","valueRequired":true,"valueName":"search_term_string"}}],"inLanguage":"es"},{"@type":"Organization","@id":"https:\/\/www.shalevet.es\/es\/#organization","name":"Shalevet","url":"https:\/\/www.shalevet.es\/es\/","logo":{"@type":"ImageObject","inLanguage":"es","@id":"https:\/\/www.shalevet.es\/es\/#\/schema\/logo\/image\/","url":"https:\/\/www.shalevet.es\/es\/wp-content\/uploads\/2024\/09\/SHALEVET_logo-removebg-preview.png","contentUrl":"https:\/\/www.shalevet.es\/es\/wp-content\/uploads\/2024\/09\/SHALEVET_logo-removebg-preview.png","width":446,"height":298,"caption":"Shalevet"},"image":{"@id":"https:\/\/www.shalevet.es\/es\/#\/schema\/logo\/image\/"}}]}},"_links":{"self":[{"href":"https:\/\/www.shalevet.es\/es\/wp-json\/wp\/v2\/pages\/418","targetHints":{"allow":["GET"]}}],"collection":[{"href":"https:\/\/www.shalevet.es\/es\/wp-json\/wp\/v2\/pages"}],"about":[{"href":"https:\/\/www.shalevet.es\/es\/wp-json\/wp\/v2\/types\/page"}],"author":[{"embeddable":true,"href":"https:\/\/www.shalevet.es\/es\/wp-json\/wp\/v2\/users\/1"}],"replies":[{"embeddable":true,"href":"https:\/\/www.shalevet.es\/es\/wp-json\/wp\/v2\/comments?post=418"}],"version-history":[{"count":5,"href":"https:\/\/www.shalevet.es\/es\/wp-json\/wp\/v2\/pages\/418\/revisions"}],"predecessor-version":[{"id":7709,"href":"https:\/\/www.shalevet.es\/es\/wp-json\/wp\/v2\/pages\/418\/revisions\/7709"}],"wp:attachment":[{"href":"https:\/\/www.shalevet.es\/es\/wp-json\/wp\/v2\/media?parent=418"}],"curies":[{"name":"wp","href":"https:\/\/api.w.org\/{rel}","templated":true}]}}