{"id":420,"date":"2024-09-02T19:59:01","date_gmt":"2024-09-02T19:59:01","guid":{"rendered":"https:\/\/html.foduu.com\/shalevet\/\/?page_id=420"},"modified":"2026-01-15T07:37:50","modified_gmt":"2026-01-15T07:37:50","slug":"tel-aviv","status":"publish","type":"page","link":"https:\/\/www.shalevet.es\/es\/tel-aviv\/","title":{"rendered":"Tel Aviv"},"content":{"rendered":"\t\t<div data-elementor-type=\"wp-page\" data-elementor-id=\"420\" class=\"elementor elementor-420\" data-elementor-post-type=\"page\">\n\t\t\t\t<div class=\"elementor-element elementor-element-7097be6 e-con-full animated-slow e-flex e-con e-parent\" data-id=\"7097be6\" data-element_type=\"container\" data-settings=\"{&quot;background_background&quot;:&quot;classic&quot;,&quot;animation&quot;:&quot;none&quot;}\">\n\t\t<div class=\"elementor-element elementor-element-762768f e-con-full e-flex e-con e-child\" data-id=\"762768f\" data-element_type=\"container\">\n\t\t\t\t<div class=\"elementor-element elementor-element-31b2497 elementor-widget__width-initial elementor-widget elementor-widget-heading\" data-id=\"31b2497\" data-element_type=\"widget\" data-widget_type=\"heading.default\">\n\t\t\t\t<div class=\"elementor-widget-container\">\n\t\t\t\t\t<p class=\"elementor-heading-title elementor-size-default\">Tel aviv<\/p>\t\t\t\t<\/div>\n\t\t\t\t<\/div>\n\t\t\t\t<\/div>\n\t\t\t\t<\/div>\n\t\t<div class=\"elementor-element elementor-element-95d1148 e-flex e-con-boxed e-con e-parent\" data-id=\"95d1148\" data-element_type=\"container\">\n\t\t\t\t\t<div class=\"e-con-inner\">\n\t\t<div class=\"elementor-element elementor-element-3f2bb96 e-con-full e-flex e-con e-child\" data-id=\"3f2bb96\" data-element_type=\"container\">\n\t\t\t\t<div class=\"elementor-element elementor-element-9680133 elementor-widget elementor-widget-image\" data-id=\"9680133\" data-element_type=\"widget\" data-widget_type=\"image.default\">\n\t\t\t\t<div class=\"elementor-widget-container\">\n\t\t\t\t\t\t\t\t\t\t\t\t\t\t\t<img loading=\"lazy\" decoding=\"async\" width=\"255\" height=\"255\" src=\"https:\/\/www.shalevet.es\/es\/wp-content\/uploads\/2026\/01\/New-Project.jpg\" class=\"attachment-large size-large wp-image-4501\" alt=\"\" srcset=\"https:\/\/www.shalevet.es\/es\/wp-content\/uploads\/2026\/01\/New-Project.jpg 255w, https:\/\/www.shalevet.es\/es\/wp-content\/uploads\/2026\/01\/New-Project-150x150.jpg 150w\" sizes=\"auto, (max-width: 255px) 100vw, 255px\" \/>\t\t\t\t\t\t\t\t\t\t\t\t\t\t\t<\/div>\n\t\t\t\t<\/div>\n\t\t\t\t<div class=\"elementor-element elementor-element-539b20a elementor-widget elementor-widget-heading\" data-id=\"539b20a\" data-element_type=\"widget\" data-widget_type=\"heading.default\">\n\t\t\t\t<div class=\"elementor-widget-container\">\n\t\t\t\t\t<h5 class=\"elementor-heading-title elementor-size-default\">Ifat Wald Parker<\/h5>\t\t\t\t<\/div>\n\t\t\t\t<\/div>\n\t\t\t\t<div class=\"elementor-element elementor-element-5e4c96c elementor-widget elementor-widget-text-editor\" data-id=\"5e4c96c\" data-element_type=\"widget\" data-widget_type=\"text-editor.default\">\n\t\t\t\t<div class=\"elementor-widget-container\">\n\t\t\t\t\t\t\t\t\t<h5 style=\"text-align: center;\">Formaci\u00f3n<\/h5><ul><li><span dir=\"auto\" style=\"vertical-align: inherit;\"><span dir=\"auto\" style=\"vertical-align: inherit;\">Licenciatura en Derecho (LL.B.), Universidad de Tel Aviv, Israel (2002)<\/span><\/span><\/li><li><span dir=\"auto\" style=\"vertical-align: inherit;\"><span dir=\"auto\" style=\"vertical-align: inherit;\">M\u00e1ster en Derecho (LL.M.) en Derecho P\u00fablico, Universidad de Tel Aviv, Israel (2006)<\/span><\/span><\/li><li><span dir=\"auto\" style=\"vertical-align: inherit;\"><span dir=\"auto\" style=\"vertical-align: inherit;\">Curso de mediaci\u00f3n, Instituto Nacional de Mediaci\u00f3n David Rotlevi del Colegio de Abogados de Israel (2021)<\/span><\/span><\/li><li><span dir=\"auto\" style=\"vertical-align: inherit;\"><span dir=\"auto\" style=\"vertical-align: inherit;\">Curso sobre poderes preventivos (enduring power of attorney), Colegio de Abogados de Israel (2021)<\/span><\/span><\/li><\/ul>\t\t\t\t\t\t\t\t<\/div>\n\t\t\t\t<\/div>\n\t\t\t\t<\/div>\n\t\t<div class=\"elementor-element elementor-element-35acaf3 e-con-full e-flex e-con e-child\" data-id=\"35acaf3\" data-element_type=\"container\">\n\t\t\t\t<div class=\"elementor-element elementor-element-95bcf51 elementor-widget elementor-widget-text-editor\" data-id=\"95bcf51\" data-element_type=\"widget\" data-widget_type=\"text-editor.default\">\n\t\t\t\t<div class=\"elementor-widget-container\">\n\t\t\t\t\t\t\t\t\t<section><p>Ifat Wald Parker, socia estrat\u00e9gica con sede en Tel Aviv, es miembro del Colegio de Abogados de Israel desde 2002.<\/p><p>Con m\u00e1s de 20 a\u00f1os de experiencia en departamentos mercantiles y corporativos de los principales despachos de abogados de Israel, as\u00ed como en un despacho boutique que fund\u00f3 en 2008, ha sido responsable de la gesti\u00f3n de los aspectos legales de operaciones de fusiones y adquisiciones (M&amp;A) y del asesoramiento a empresas, inversores, emprendedores y directivos en una amplia variedad de asuntos jur\u00eddicos. Asiste a clientes en el desarrollo de actividades empresariales en Israel, as\u00ed como en Estados Unidos, Canad\u00e1, Europa, China, India y \u00c1frica.<\/p><p>Cuenta asimismo con una amplia experiencia en asuntos de derecho p\u00fablico, y asesora a organizaciones sin \u00e1nimo de lucro y a personalidades p\u00fablicas en Israel. Su pr\u00e1ctica jur\u00eddica abarca m\u00faltiples \u00e1reas, entre ellas el derecho mercantil y societario, contrataci\u00f3n,<br \/>operaciones de inversi\u00f3n, fusiones y adquisiciones, asuntos regulatorios, derecho p\u00fablico y civil, derecho administrativo, derecho urban\u00edstico, derecho de rehabilitaci\u00f3n de edificios, el Plan de Conservaci\u00f3n de Tel Aviv y el marco jur\u00eddico aplicable a las organizaciones sin \u00e1nimo de lucro.<\/p><p>Ha participado activamente en iniciativas p\u00fablicas que han tenido impacto en cambios de pol\u00edticas p\u00fablicas. Impuls\u00f3 y lider\u00f3 la creaci\u00f3n de un proyecto educativo orientado a la prevenci\u00f3n de la trata de seres humanos en Israel (proyecto que recibi\u00f3 financiaci\u00f3n del Departamento de Estado de los Estados Unidos). Anteriormente, ejerci\u00f3 de forma voluntaria como asesora jur\u00eddica de Eran \u2013 Atenci\u00f3n Emocional de Emergencia por Tel\u00e9fono e Internet. En la actualidad, contin\u00faa colaborando con activistas dedicados a la defensa del inter\u00e9s p\u00fablico en terrenos de titularidad p\u00fablica en la ciudad de Tel Aviv.<\/p><p>Se cri\u00f3 y se educ\u00f3 en Estados Unidos, es biling\u00fce en hebreo e ingl\u00e9s y posee un profundo conocimiento de diversas culturas empresariales.<\/p><\/section>\t\t\t\t\t\t\t\t<\/div>\n\t\t\t\t<\/div>\n\t\t\t\t<\/div>\n\t\t\t\t\t<\/div>\n\t\t\t\t<\/div>\n\t\t\t\t<\/div>\n\t\t","protected":false},"excerpt":{"rendered":"<p>Tel aviv Ifat Wald Parker Formaci\u00f3n Licenciatura en Derecho (LL.B.), Universidad de Tel Aviv, Israel (2002) M\u00e1ster en Derecho (LL.M.) en Derecho P\u00fablico, Universidad de Tel Aviv, Israel (2006) Curso de mediaci\u00f3n, Instituto Nacional de Mediaci\u00f3n David Rotlevi del Colegio de Abogados de Israel (2021) Curso sobre poderes preventivos (enduring power of attorney), Colegio de [&hellip;]<\/p>\n","protected":false},"author":1,"featured_media":0,"parent":0,"menu_order":0,"comment_status":"closed","ping_status":"closed","template":"","meta":{"_acf_changed":false,"site-sidebar-layout":"no-sidebar","site-content-layout":"page-builder","ast-site-content-layout":"full-width-container","site-content-style":"default","site-sidebar-style":"default","ast-global-header-display":"","ast-banner-title-visibility":"","ast-main-header-display":"","ast-hfb-above-header-display":"","ast-hfb-below-header-display":"","ast-hfb-mobile-header-display":"","site-post-title":"disabled","ast-breadcrumbs-content":"","ast-featured-img":"disabled","footer-sml-layout":"","theme-transparent-header-meta":"","adv-header-id-meta":"","stick-header-meta":"","header-above-stick-meta":"","header-main-stick-meta":"","header-below-stick-meta":"","astra-migrate-meta-layouts":"default","ast-page-background-enabled":"default","ast-page-background-meta":{"desktop":{"background-color":"var(--ast-global-color-4)","background-image":"","background-repeat":"repeat","background-position":"center center","background-size":"auto","background-attachment":"scroll","background-type":"","background-media":"","overlay-type":"","overlay-color":"","overlay-opacity":"","overlay-gradient":""},"tablet":{"background-color":"","background-image":"","background-repeat":"repeat","background-position":"center center","background-size":"auto","background-attachment":"scroll","background-type":"","background-media":"","overlay-type":"","overlay-color":"","overlay-opacity":"","overlay-gradient":""},"mobile":{"background-color":"","background-image":"","background-repeat":"repeat","background-position":"center center","background-size":"auto","background-attachment":"scroll","background-type":"","background-media":"","overlay-type":"","overlay-color":"","overlay-opacity":"","overlay-gradient":""}},"ast-content-background-meta":{"desktop":{"background-color":"var(--ast-global-color-5)","background-image":"","background-repeat":"repeat","background-position":"center center","background-size":"auto","background-attachment":"scroll","background-type":"","background-media":"","overlay-type":"","overlay-color":"","overlay-opacity":"","overlay-gradient":""},"tablet":{"background-color":"var(--ast-global-color-5)","background-image":"","background-repeat":"repeat","background-position":"center center","background-size":"auto","background-attachment":"scroll","background-type":"","background-media":"","overlay-type":"","overlay-color":"","overlay-opacity":"","overlay-gradient":""},"mobile":{"background-color":"var(--ast-global-color-5)","background-image":"","background-repeat":"repeat","background-position":"center center","background-size":"auto","background-attachment":"scroll","background-type":"","background-media":"","overlay-type":"","overlay-color":"","overlay-opacity":"","overlay-gradient":""}},"footnotes":""},"class_list":["post-420","page","type-page","status-publish","hentry"],"acf":[],"yoast_head":"<!-- This site is optimized with the Yoast SEO plugin v27.0 - https:\/\/yoast.com\/product\/yoast-seo-wordpress\/ -->\n<title>Tel Aviv -<\/title>\n<meta name=\"robots\" content=\"index, follow, max-snippet:-1, max-image-preview:large, max-video-preview:-1\" \/>\n<link rel=\"canonical\" href=\"https:\/\/www.shalevet.es\/es\/tel-aviv\/\" \/>\n<meta property=\"og:locale\" content=\"es_ES\" \/>\n<meta property=\"og:type\" content=\"article\" \/>\n<meta property=\"og:title\" content=\"Tel Aviv -\" \/>\n<meta property=\"og:description\" content=\"Tel aviv Ifat Wald Parker Formaci\u00f3n Licenciatura en Derecho (LL.B.), Universidad de Tel Aviv, Israel (2002) M\u00e1ster en Derecho (LL.M.) en Derecho P\u00fablico, Universidad de Tel Aviv, Israel (2006) Curso de mediaci\u00f3n, Instituto Nacional de Mediaci\u00f3n David Rotlevi del Colegio de Abogados de Israel (2021) Curso sobre poderes preventivos (enduring power of attorney), Colegio de [&hellip;]\" \/>\n<meta property=\"og:url\" content=\"https:\/\/www.shalevet.es\/es\/tel-aviv\/\" \/>\n<meta property=\"article:modified_time\" content=\"2026-01-15T07:37:50+00:00\" \/>\n<meta property=\"og:image\" content=\"https:\/\/www.shalevet.es\/es\/wp-content\/uploads\/2026\/01\/New-Project.jpg\" \/>\n\t<meta property=\"og:image:width\" content=\"255\" \/>\n\t<meta property=\"og:image:height\" content=\"255\" \/>\n\t<meta property=\"og:image:type\" content=\"image\/jpeg\" \/>\n<meta name=\"twitter:card\" content=\"summary_large_image\" \/>\n<meta name=\"twitter:label1\" content=\"Tiempo de lectura\" \/>\n\t<meta name=\"twitter:data1\" content=\"2 minutos\" \/>\n<script type=\"application\/ld+json\" class=\"yoast-schema-graph\">{\"@context\":\"https:\/\/schema.org\",\"@graph\":[{\"@type\":\"WebPage\",\"@id\":\"https:\/\/www.shalevet.es\/es\/tel-aviv\/\",\"url\":\"https:\/\/www.shalevet.es\/es\/tel-aviv\/\",\"name\":\"Tel Aviv -\",\"isPartOf\":{\"@id\":\"https:\/\/www.shalevet.es\/es\/#website\"},\"primaryImageOfPage\":{\"@id\":\"https:\/\/www.shalevet.es\/es\/tel-aviv\/#primaryimage\"},\"image\":{\"@id\":\"https:\/\/www.shalevet.es\/es\/tel-aviv\/#primaryimage\"},\"thumbnailUrl\":\"https:\/\/www.shalevet.es\/es\/wp-content\/uploads\/2026\/01\/New-Project.jpg\",\"datePublished\":\"2024-09-02T19:59:01+00:00\",\"dateModified\":\"2026-01-15T07:37:50+00:00\",\"breadcrumb\":{\"@id\":\"https:\/\/www.shalevet.es\/es\/tel-aviv\/#breadcrumb\"},\"inLanguage\":\"es\",\"potentialAction\":[{\"@type\":\"ReadAction\",\"target\":[\"https:\/\/www.shalevet.es\/es\/tel-aviv\/\"]}]},{\"@type\":\"ImageObject\",\"inLanguage\":\"es\",\"@id\":\"https:\/\/www.shalevet.es\/es\/tel-aviv\/#primaryimage\",\"url\":\"https:\/\/www.shalevet.es\/es\/wp-content\/uploads\/2026\/01\/New-Project.jpg\",\"contentUrl\":\"https:\/\/www.shalevet.es\/es\/wp-content\/uploads\/2026\/01\/New-Project.jpg\",\"width\":255,\"height\":255},{\"@type\":\"BreadcrumbList\",\"@id\":\"https:\/\/www.shalevet.es\/es\/tel-aviv\/#breadcrumb\",\"itemListElement\":[{\"@type\":\"ListItem\",\"position\":1,\"name\":\"Portada\",\"item\":\"https:\/\/www.shalevet.es\/es\/\"},{\"@type\":\"ListItem\",\"position\":2,\"name\":\"Tel Aviv\"}]},{\"@type\":\"WebSite\",\"@id\":\"https:\/\/www.shalevet.es\/es\/#website\",\"url\":\"https:\/\/www.shalevet.es\/es\/\",\"name\":\"Shalevet\",\"description\":\"\",\"publisher\":{\"@id\":\"https:\/\/www.shalevet.es\/es\/#organization\"},\"potentialAction\":[{\"@type\":\"SearchAction\",\"target\":{\"@type\":\"EntryPoint\",\"urlTemplate\":\"https:\/\/www.shalevet.es\/es\/?s={search_term_string}\"},\"query-input\":{\"@type\":\"PropertyValueSpecification\",\"valueRequired\":true,\"valueName\":\"search_term_string\"}}],\"inLanguage\":\"es\"},{\"@type\":\"Organization\",\"@id\":\"https:\/\/www.shalevet.es\/es\/#organization\",\"name\":\"Shalevet\",\"url\":\"https:\/\/www.shalevet.es\/es\/\",\"logo\":{\"@type\":\"ImageObject\",\"inLanguage\":\"es\",\"@id\":\"https:\/\/www.shalevet.es\/es\/#\/schema\/logo\/image\/\",\"url\":\"https:\/\/www.shalevet.es\/es\/wp-content\/uploads\/2024\/09\/SHALEVET_logo-removebg-preview.png\",\"contentUrl\":\"https:\/\/www.shalevet.es\/es\/wp-content\/uploads\/2024\/09\/SHALEVET_logo-removebg-preview.png\",\"width\":446,\"height\":298,\"caption\":\"Shalevet\"},\"image\":{\"@id\":\"https:\/\/www.shalevet.es\/es\/#\/schema\/logo\/image\/\"}}]}<\/script>\n<!-- \/ Yoast SEO plugin. -->","yoast_head_json":{"title":"Tel Aviv -","robots":{"index":"index","follow":"follow","max-snippet":"max-snippet:-1","max-image-preview":"max-image-preview:large","max-video-preview":"max-video-preview:-1"},"canonical":"https:\/\/www.shalevet.es\/es\/tel-aviv\/","og_locale":"es_ES","og_type":"article","og_title":"Tel Aviv -","og_description":"Tel aviv Ifat Wald Parker Formaci\u00f3n Licenciatura en Derecho (LL.B.), Universidad de Tel Aviv, Israel (2002) M\u00e1ster en Derecho (LL.M.) en Derecho P\u00fablico, Universidad de Tel Aviv, Israel (2006) Curso de mediaci\u00f3n, Instituto Nacional de Mediaci\u00f3n David Rotlevi del Colegio de Abogados de Israel (2021) Curso sobre poderes preventivos (enduring power of attorney), Colegio de [&hellip;]","og_url":"https:\/\/www.shalevet.es\/es\/tel-aviv\/","article_modified_time":"2026-01-15T07:37:50+00:00","og_image":[{"width":255,"height":255,"url":"https:\/\/www.shalevet.es\/es\/wp-content\/uploads\/2026\/01\/New-Project.jpg","type":"image\/jpeg"}],"twitter_card":"summary_large_image","twitter_misc":{"Tiempo de lectura":"2 minutos"},"schema":{"@context":"https:\/\/schema.org","@graph":[{"@type":"WebPage","@id":"https:\/\/www.shalevet.es\/es\/tel-aviv\/","url":"https:\/\/www.shalevet.es\/es\/tel-aviv\/","name":"Tel Aviv -","isPartOf":{"@id":"https:\/\/www.shalevet.es\/es\/#website"},"primaryImageOfPage":{"@id":"https:\/\/www.shalevet.es\/es\/tel-aviv\/#primaryimage"},"image":{"@id":"https:\/\/www.shalevet.es\/es\/tel-aviv\/#primaryimage"},"thumbnailUrl":"https:\/\/www.shalevet.es\/es\/wp-content\/uploads\/2026\/01\/New-Project.jpg","datePublished":"2024-09-02T19:59:01+00:00","dateModified":"2026-01-15T07:37:50+00:00","breadcrumb":{"@id":"https:\/\/www.shalevet.es\/es\/tel-aviv\/#breadcrumb"},"inLanguage":"es","potentialAction":[{"@type":"ReadAction","target":["https:\/\/www.shalevet.es\/es\/tel-aviv\/"]}]},{"@type":"ImageObject","inLanguage":"es","@id":"https:\/\/www.shalevet.es\/es\/tel-aviv\/#primaryimage","url":"https:\/\/www.shalevet.es\/es\/wp-content\/uploads\/2026\/01\/New-Project.jpg","contentUrl":"https:\/\/www.shalevet.es\/es\/wp-content\/uploads\/2026\/01\/New-Project.jpg","width":255,"height":255},{"@type":"BreadcrumbList","@id":"https:\/\/www.shalevet.es\/es\/tel-aviv\/#breadcrumb","itemListElement":[{"@type":"ListItem","position":1,"name":"Portada","item":"https:\/\/www.shalevet.es\/es\/"},{"@type":"ListItem","position":2,"name":"Tel Aviv"}]},{"@type":"WebSite","@id":"https:\/\/www.shalevet.es\/es\/#website","url":"https:\/\/www.shalevet.es\/es\/","name":"Shalevet","description":"","publisher":{"@id":"https:\/\/www.shalevet.es\/es\/#organization"},"potentialAction":[{"@type":"SearchAction","target":{"@type":"EntryPoint","urlTemplate":"https:\/\/www.shalevet.es\/es\/?s={search_term_string}"},"query-input":{"@type":"PropertyValueSpecification","valueRequired":true,"valueName":"search_term_string"}}],"inLanguage":"es"},{"@type":"Organization","@id":"https:\/\/www.shalevet.es\/es\/#organization","name":"Shalevet","url":"https:\/\/www.shalevet.es\/es\/","logo":{"@type":"ImageObject","inLanguage":"es","@id":"https:\/\/www.shalevet.es\/es\/#\/schema\/logo\/image\/","url":"https:\/\/www.shalevet.es\/es\/wp-content\/uploads\/2024\/09\/SHALEVET_logo-removebg-preview.png","contentUrl":"https:\/\/www.shalevet.es\/es\/wp-content\/uploads\/2024\/09\/SHALEVET_logo-removebg-preview.png","width":446,"height":298,"caption":"Shalevet"},"image":{"@id":"https:\/\/www.shalevet.es\/es\/#\/schema\/logo\/image\/"}}]}},"_links":{"self":[{"href":"https:\/\/www.shalevet.es\/es\/wp-json\/wp\/v2\/pages\/420","targetHints":{"allow":["GET"]}}],"collection":[{"href":"https:\/\/www.shalevet.es\/es\/wp-json\/wp\/v2\/pages"}],"about":[{"href":"https:\/\/www.shalevet.es\/es\/wp-json\/wp\/v2\/types\/page"}],"author":[{"embeddable":true,"href":"https:\/\/www.shalevet.es\/es\/wp-json\/wp\/v2\/users\/1"}],"replies":[{"embeddable":true,"href":"https:\/\/www.shalevet.es\/es\/wp-json\/wp\/v2\/comments?post=420"}],"version-history":[{"count":5,"href":"https:\/\/www.shalevet.es\/es\/wp-json\/wp\/v2\/pages\/420\/revisions"}],"predecessor-version":[{"id":7905,"href":"https:\/\/www.shalevet.es\/es\/wp-json\/wp\/v2\/pages\/420\/revisions\/7905"}],"wp:attachment":[{"href":"https:\/\/www.shalevet.es\/es\/wp-json\/wp\/v2\/media?parent=420"}],"curies":[{"name":"wp","href":"https:\/\/api.w.org\/{rel}","templated":true}]}}